{"id":13,"date":"2018-10-29T16:36:25","date_gmt":"2018-10-29T15:36:25","guid":{"rendered":"https:\/\/un-autre-regard.org\/?page_id=13"},"modified":"2026-01-25T09:15:15","modified_gmt":"2026-01-25T08:15:15","slug":"administration","status":"publish","type":"page","link":"https:\/\/un-autre-regard.org\/index.php\/administration\/","title":{"rendered":"Administration"},"content":{"rendered":"<p><strong>&#8211; Le bureau<img fetchpriority=\"high\" decoding=\"async\" class=\" wp-image-4763 alignright\" src=\"https:\/\/un-autre-regard.org\/wp-content\/uploads\/2023\/02\/2022_08_19_t_003_r-300x225.jpg\" alt=\"\" width=\"471\" height=\"353\" srcset=\"https:\/\/un-autre-regard.org\/wp-content\/uploads\/2023\/02\/2022_08_19_t_003_r-300x225.jpg 300w, https:\/\/un-autre-regard.org\/wp-content\/uploads\/2023\/02\/2022_08_19_t_003_r-1024x768.jpg 1024w, https:\/\/un-autre-regard.org\/wp-content\/uploads\/2023\/02\/2022_08_19_t_003_r-768x576.jpg 768w, https:\/\/un-autre-regard.org\/wp-content\/uploads\/2023\/02\/2022_08_19_t_003_r-1536x1152.jpg 1536w, https:\/\/un-autre-regard.org\/wp-content\/uploads\/2023\/02\/2022_08_19_t_003_r.jpg 1600w\" sizes=\"(max-width: 471px) 100vw, 471px\" \/><\/strong><\/p>\n<ul>\n<li>Pr\u00e9sident : Jean-Claude Bortoletto<\/li>\n<li>Tr\u00e9sorier :\u00a0 Edwige S\u00e9nac<\/li>\n<\/ul>\n<p><strong>&#8211; Le conseil d&rsquo;administration<\/strong><\/p>\n<p>Jean-Claude Bortoletto, Patrice Dusoewoir, Isabelle Fran\u00e7ois, Daniel Rognon et Edwige S\u00e9nac<\/p>\n","protected":false},"excerpt":{"rendered":"<p>&#8211; Le bureau Pr\u00e9sident : Jean-Claude Bortoletto Tr\u00e9sorier :\u00a0 Edwige S\u00e9nac &#8211; Le conseil d&rsquo;administration Jean-Claude Bortoletto, Patrice Dusoewoir, Isabelle Fran\u00e7ois, Daniel Rognon et Edwige S\u00e9nac<\/p>\n","protected":false},"author":1,"featured_media":0,"parent":0,"menu_order":0,"comment_status":"closed","ping_status":"closed","template":"","meta":{"footnotes":""},"class_list":["post-13","page","type-page","status-publish","hentry"],"_links":{"self":[{"href":"https:\/\/un-autre-regard.org\/index.php\/wp-json\/wp\/v2\/pages\/13","targetHints":{"allow":["GET"]}}],"collection":[{"href":"https:\/\/un-autre-regard.org\/index.php\/wp-json\/wp\/v2\/pages"}],"about":[{"href":"https:\/\/un-autre-regard.org\/index.php\/wp-json\/wp\/v2\/types\/page"}],"author":[{"embeddable":true,"href":"https:\/\/un-autre-regard.org\/index.php\/wp-json\/wp\/v2\/users\/1"}],"replies":[{"embeddable":true,"href":"https:\/\/un-autre-regard.org\/index.php\/wp-json\/wp\/v2\/comments?post=13"}],"version-history":[{"count":29,"href":"https:\/\/un-autre-regard.org\/index.php\/wp-json\/wp\/v2\/pages\/13\/revisions"}],"predecessor-version":[{"id":6169,"href":"https:\/\/un-autre-regard.org\/index.php\/wp-json\/wp\/v2\/pages\/13\/revisions\/6169"}],"wp:attachment":[{"href":"https:\/\/un-autre-regard.org\/index.php\/wp-json\/wp\/v2\/media?parent=13"}],"curies":[{"name":"wp","href":"https:\/\/api.w.org\/{rel}","templated":true}]}}