{"id":17,"date":"2018-10-29T16:33:19","date_gmt":"2018-10-29T15:33:19","guid":{"rendered":"https:\/\/un-autre-regard.org\/?page_id=17"},"modified":"2020-06-07T10:04:33","modified_gmt":"2020-06-07T08:04:33","slug":"adhesion","status":"publish","type":"page","link":"https:\/\/un-autre-regard.org\/index.php\/adhesion\/","title":{"rendered":"Adh\u00e9sion"},"content":{"rendered":"<p>Si vous souhaitez devenir <strong>membre actif<\/strong> de l&rsquo;association, la cotisation annuelle est de\u00a0 <strong>50 euros<\/strong>. Ce montant s&rsquo;entend pour une &lsquo;saison&rsquo; pleine, de septembre \u00e0 juin ; pour les adh\u00e9sions en cours de saison, la cotisation est due au prorata du nombre de mois restants.<\/p>\n<p>Pour adh\u00e9rer, t\u00e9l\u00e9chargez le formulaire d\u2019adh\u00e9sion en cliquant sur l&rsquo;ic\u00f4ne suivante :\u00a0 <a href=\"https:\/\/un-autre-regard.org\/wp-content\/uploads\/2020\/06\/bulletin_adhesion_internet_ARLES.pdf\" target=\"_blank\" rel=\"noopener noreferrer\"><img decoding=\"async\" class=\"wp-image-58 alignnone\" src=\"https:\/\/un-autre-regard.org\/wp-content\/uploads\/2018\/10\/PDF-icon.jpg\" alt=\"\" width=\"34\" height=\"34\" srcset=\"https:\/\/un-autre-regard.org\/wp-content\/uploads\/2018\/10\/PDF-icon.jpg 256w, https:\/\/un-autre-regard.org\/wp-content\/uploads\/2018\/10\/PDF-icon-150x150.jpg 150w\" sizes=\"(max-width: 34px) 100vw, 34px\" \/><\/a><\/p>\n<p>Imprimez ce formulaire, puis retournez-le une fois rempli \u00e0 l\u2019adresse suivante : <strong>Un autre regard &#8211; Maison de la vie associative &#8211; boulevard des Lices &#8211; 13200 Arles,\u00a0<\/strong>accompagn\u00e9 de votre ch\u00e8que libell\u00e9 \u00e0 l\u2019ordre de \u2018Association Un autre regard\u2019.<\/p>\n\n","protected":false},"excerpt":{"rendered":"<p>Si vous souhaitez devenir membre actif de l&rsquo;association, la cotisation annuelle est de\u00a0 50 euros. Ce montant s&rsquo;entend pour une &lsquo;saison&rsquo; pleine, de septembre \u00e0 juin ; pour les adh\u00e9sions en cours de saison, la cotisation est due au prorata du nombre de mois restants. Pour adh\u00e9rer, t\u00e9l\u00e9chargez le formulaire d\u2019adh\u00e9sion en cliquant sur l&rsquo;ic\u00f4ne [&hellip;]<\/p>\n","protected":false},"author":1,"featured_media":0,"parent":0,"menu_order":0,"comment_status":"closed","ping_status":"closed","template":"","meta":{"footnotes":""},"class_list":["post-17","page","type-page","status-publish","hentry"],"_links":{"self":[{"href":"https:\/\/un-autre-regard.org\/index.php\/wp-json\/wp\/v2\/pages\/17","targetHints":{"allow":["GET"]}}],"collection":[{"href":"https:\/\/un-autre-regard.org\/index.php\/wp-json\/wp\/v2\/pages"}],"about":[{"href":"https:\/\/un-autre-regard.org\/index.php\/wp-json\/wp\/v2\/types\/page"}],"author":[{"embeddable":true,"href":"https:\/\/un-autre-regard.org\/index.php\/wp-json\/wp\/v2\/users\/1"}],"replies":[{"embeddable":true,"href":"https:\/\/un-autre-regard.org\/index.php\/wp-json\/wp\/v2\/comments?post=17"}],"version-history":[{"count":31,"href":"https:\/\/un-autre-regard.org\/index.php\/wp-json\/wp\/v2\/pages\/17\/revisions"}],"predecessor-version":[{"id":3106,"href":"https:\/\/un-autre-regard.org\/index.php\/wp-json\/wp\/v2\/pages\/17\/revisions\/3106"}],"wp:attachment":[{"href":"https:\/\/un-autre-regard.org\/index.php\/wp-json\/wp\/v2\/media?parent=17"}],"curies":[{"name":"wp","href":"https:\/\/api.w.org\/{rel}","templated":true}]}}