{"id":1876,"date":"2019-03-29T13:56:13","date_gmt":"2019-03-29T12:56:13","guid":{"rendered":"https:\/\/un-autre-regard.org\/?page_id=1876"},"modified":"2026-03-21T07:55:29","modified_gmt":"2026-03-21T06:55:29","slug":"nos-sorties","status":"publish","type":"page","link":"https:\/\/un-autre-regard.org\/index.php\/nos-sorties\/","title":{"rendered":"Nos sorties"},"content":{"rendered":"\n<p><\/p>\n\n\n<p><span style=\"font-family: arial, helvetica, sans-serif;\">Souvenirs de nos sorties photo, voici une s\u00e9lection des clich\u00e9s propos\u00e9s par nos adh\u00e9rents :<\/span><\/p>\n<ul>\n<li>13 mars 2026 : <a href=\"https:\/\/un-autre-regard.org\/index.php\/sortie-photo-du-13-mars-2026\/\"><span style=\"color: #0000ff;\">Abbaye de Montmajour<\/span><\/a> &#8211; Arles (13)<\/li>\n<li>6 avril 2025 : <a href=\"https:\/\/un-autre-regard.org\/index.php\/sortie-du-6-avril-2025\/\"><span style=\"color: #0000ff;\">Le Grau du Roi<\/span><\/a> (30)<\/li>\n<li>6 mars 2025 : <a href=\"https:\/\/un-autre-regard.org\/index.php\/sortie-photo-du-6-mars-2025\/\"><span style=\"color: #0000ff;\">Miramas-le-Vieux et Fos-sur-Mer<\/span><\/a> (13)<\/li>\n<li>3 novembre 2024 : <a href=\"https:\/\/un-autre-regard.org\/index.php\/sortie-du-3-novembre-2024\/\"><span style=\"color: #0000ff;\">Centre-ville<\/span><\/a> &#8211; Avignon (84)<\/li>\n<li>16 avril 2024 : <a href=\"https:\/\/un-autre-regard.org\/index.php\/sortie-photo-du-16-avril-2024\/\"><span style=\"color: #0000ff;\">Abbaye de Montmajour<\/span><\/a> &#8211; Arles (13)<\/li>\n<li>17 mars 2024 : <a href=\"https:\/\/un-autre-regard.org\/index.php\/sortie-photo-du-17-mars-2024\/\"><span style=\"color: #0000ff;\">Connaux et Gaujac<\/span><\/a> (30)<\/li>\n<li>25 janvier 2024 : <a href=\"https:\/\/un-autre-regard.org\/index.php\/sortie-photo-du-25-janvier-2024\/\"><span style=\"color: #0000ff;\">Parc ornithologique de Pont de Gau<\/span><\/a> &#8211; Saintes Maries de la Mer (13)<\/li>\n<li>31 octobre 2023 : <a href=\"https:\/\/un-autre-regard.org\/index.php\/sortie-du-31-octobre-2023\/\"><span style=\"color: #0000ff;\">Abbaye de Saint-Roman<\/span> <\/a>&#8211; Beaucaire (30)<\/li>\n<li>22 mars 2023 : <a href=\"https:\/\/un-autre-regard.org\/index.php\/sortie-photo-du-22-mars-2023\/\"><span style=\"color: #0000ff;\">Pont Van Gogh<\/span><\/a> &#8211; Arles (13)<\/li>\n<li>20 f\u00e9vrier 2023 : <a href=\"https:\/\/un-autre-regard.org\/index.php\/sortie-photo-du-20-fevrier-2023\/\"><span style=\"color: #0000ff;\">Saintes Maries de la Mer<\/span><\/a> (13)<\/li>\n<li>6 novembre 2022 : <a href=\"https:\/\/un-autre-regard.org\/index.php\/sortie-photo-du-6-novembre-2022\/\"><span style=\"color: #0000ff;\">Abbaye de Montmajour<\/span><\/a> &#8211; Arles (13)<\/li>\n<li>19 f\u00e9vrier 2022 : <a href=\"https:\/\/un-autre-regard.org\/index.php\/sortie-photo-du-19-fevrier-2022\/\"><span style=\"color: #0000ff;\">N\u00e9cropole des Alyscamps<\/span><\/a> &#8211; Arles (13)<\/li>\n<li>28 novembre 2021 : <a href=\"https:\/\/un-autre-regard.org\/index.php\/sortie-photo-du-28-novembre-2021\/\"><span style=\"color: #0000ff;\">Salin de Giraud<\/span><\/a> &#8211; Arles (13)<\/li>\n<li>13 juin 2021 : <a href=\"https:\/\/un-autre-regard.org\/index.php\/sortie-photo-du-13-juin-2021\/\"><span style=\"color: #0000ff;\">Marais du Vigueirat<\/span><\/a> &#8211; Mas Thibert, Arles (13)<\/li>\n<li>23 mai 2021 : <a href=\"https:\/\/un-autre-regard.org\/index.php\/sortie-photo-du-23-mai-2021\/\"><span style=\"color: #0000ff;\">Boulbon<\/span><\/a> (13)<\/li>\n<li>25 mars 2<span style=\"background-color: #ffffff;\">021 : <a href=\"https:\/\/un-autre-regard.org\/index.php\/sortie-photo-du-25-mars-2021-2\/\"><span style=\"color: #0000ff;\">Saint R\u00e9my de Provence<\/span><\/a> (13)<\/span><\/li>\n<li>21 f\u00e9vrier 2021 : <a href=\"https:\/\/un-autre-regard.org\/index.php\/sortie-du-28-fevrier-2021\/\"><span style=\"color: #0000ff;\">Saint Gilles<\/span><\/a> (30)<\/li>\n<li>7 janvier 2021 : <a href=\"https:\/\/un-autre-regard.org\/index.php\/sortie-photo-du-7-janvier-2021\/\"><span style=\"color: #0000ff;\">Jardins de la Fontaine<\/span><\/a> &#8211; N\u00eemes (30)<\/li>\n<li>18 octobre 2020 : <a href=\"https:\/\/un-autre-regard.org\/index.php\/sortie-photo-du-18-octobre-2020\/\"><span style=\"color: #0000ff;\">L&rsquo;Isle sur la Sorgue<\/span><\/a> (84)<\/li>\n<li>27 septembre 2020 : <a href=\"https:\/\/un-autre-regard.org\/index.php\/sortie-du-27-septembre-2020\/\"><span style=\"color: #0000ff;\">Massif de la Montagnette<\/span> <\/a>(13)<\/li>\n<li>27 ao\u00fbt 2020 : <a href=\"https:\/\/un-autre-regard.org\/index.php\/sortie-photo-du-27-aout-2020\/\"><span style=\"color: #0000ff;\">Arboretum de Saint Martin de Crau<\/span><\/a> (13)<\/li>\n<li>8 ao\u00fbt 2020 : <a href=\"https:\/\/un-autre-regard.org\/index.php\/sortie-du-8-aout-2020\/\"><span style=\"color: #0000ff;\">Beaucaire<\/span><\/a> (30)<\/li>\n<li>17 juillet 2020 : <a href=\"https:\/\/un-autre-regard.org\/index.php\/sortie-photo-du-17-juillet-2020\/\"><span style=\"color: #0000ff;\">Castillon-du-Gard<\/span><\/a> (30)<\/li>\n<li>21 juin 2020 : <span style=\"color: #0000ff;\"><a style=\"color: #0000ff;\" href=\"https:\/\/un-autre-regard.org\/index.php\/sortie-photo-du-21-juin-2020\/\">Eygali\u00e8res<\/a><span style=\"color: #000000;\"> et Saint R\u00e9my de Provence<\/span><\/span> (13)<\/li>\n<li>27 mai 2020 : <a href=\"https:\/\/un-autre-regard.org\/index.php\/sortie-photo-du-27-mai-2020\/\"><span style=\"color: #0000ff;\">Centre-ville<\/span><\/a> &#8211; Arles (13)<\/li>\n<li>23 f\u00e9vrier 2020 : <span style=\"color: #0000ff;\"><a style=\"color: #0000ff;\" href=\"https:\/\/un-autre-regard.org\/index.php\/sortie-photo-du-23-fevrier-2020\/\">Villeneuve-les Avignon<\/a><\/span> (30)<\/li>\n<li>15 d\u00e9cembre 2019 : <a href=\"https:\/\/un-autre-regard.org\/index.php\/sortie-photo-du-15-decembre-2019\"><span style=\"color: #0000ff;\">Le sentier des moulins<\/span><\/a> &#8211; Fontvieille (13)<\/li>\n<li>17 novembre 2019 : <a href=\"https:\/\/un-autre-regard.org\/index.php\/sortie-photo-du-17-novembre-2019\/\"><span style=\"color: #0000ff;\">Mus\u00e9e de la Romanit\u00e9<\/span><\/a> &#8211; N\u00eemes (30)<\/li>\n<li>16 juin 2019 : <a href=\"https:\/\/un-autre-regard.org\/index.php\/sortie-photo-du-16-juin-2019\"><span style=\"color: #0000ff;\">Aigues-Mortes<\/span><\/a> (30)<\/li>\n<li>14 avril 2019 : <a href=\"https:\/\/un-autre-regard.org\/index.php\/sortie-photo-du-14-avril-2019-2\/\"><span style=\"color: #0000ff;\">Le &lsquo;Colorado proven\u00e7al&rsquo;<\/span><\/a> &#8211; Rustrel (84)<\/li>\n<li>17 mars 2019 : <span style=\"color: #0000ff;\"><a style=\"outline-width: 0px !important; user-select: auto !important; color: #0000ff;\" href=\"https:\/\/un-autre-regard.org\/index.php\/sortie-du-17-mars-2019\/\">Fontaine de Vaucluse<\/a><\/span> (84)<\/li>\n<li>17 f\u00e9vrier 2019 : <span style=\"color: #0000ff;\"><a style=\"color: #0000ff;\" href=\"https:\/\/un-autre-regard.org\/index.php\/sortie-photo-du-17-fevrier-2019\/\">Parc ornithologique de Pont de Gau<\/a><\/span> &#8211; Saintes Maries de la Mer (13)<\/li>\n<li>20 janvier 2019 : <a style=\"outline-width: 0px !important; user-select: auto !important;\" href=\"https:\/\/un-autre-regard.org\/index.php\/sortie-photo-du-20-janvier-2019\/\"><span style=\"color: #0000ff;\">Plage de Pi\u00e9manson et Salin de Girau<\/span>d<\/a> &#8211; Arles (13)<\/li>\n<\/ul>\n\n\n\n","protected":false},"excerpt":{"rendered":"<p>Souvenirs de nos sorties photo, voici une s\u00e9lection des clich\u00e9s propos\u00e9s par nos adh\u00e9rents : 13 mars 2026 : Abbaye de Montmajour &#8211; Arles (13) 6 avril 2025 : Le Grau du Roi (30) 6 mars 2025 : Miramas-le-Vieux et Fos-sur-Mer (13) 3 novembre 2024 : Centre-ville &#8211; Avignon (84) 16 avril 2024 : Abbaye [&hellip;]<\/p>\n","protected":false},"author":1,"featured_media":0,"parent":0,"menu_order":0,"comment_status":"closed","ping_status":"closed","template":"","meta":{"footnotes":""},"class_list":["post-1876","page","type-page","status-publish","hentry"],"_links":{"self":[{"href":"https:\/\/un-autre-regard.org\/index.php\/wp-json\/wp\/v2\/pages\/1876","targetHints":{"allow":["GET"]}}],"collection":[{"href":"https:\/\/un-autre-regard.org\/index.php\/wp-json\/wp\/v2\/pages"}],"about":[{"href":"https:\/\/un-autre-regard.org\/index.php\/wp-json\/wp\/v2\/types\/page"}],"author":[{"embeddable":true,"href":"https:\/\/un-autre-regard.org\/index.php\/wp-json\/wp\/v2\/users\/1"}],"replies":[{"embeddable":true,"href":"https:\/\/un-autre-regard.org\/index.php\/wp-json\/wp\/v2\/comments?post=1876"}],"version-history":[{"count":74,"href":"https:\/\/un-autre-regard.org\/index.php\/wp-json\/wp\/v2\/pages\/1876\/revisions"}],"predecessor-version":[{"id":6231,"href":"https:\/\/un-autre-regard.org\/index.php\/wp-json\/wp\/v2\/pages\/1876\/revisions\/6231"}],"wp:attachment":[{"href":"https:\/\/un-autre-regard.org\/index.php\/wp-json\/wp\/v2\/media?parent=1876"}],"curies":[{"name":"wp","href":"https:\/\/api.w.org\/{rel}","templated":true}]}}