{"id":1878,"date":"2019-03-29T14:01:30","date_gmt":"2019-03-29T13:01:30","guid":{"rendered":"https:\/\/un-autre-regard.org\/?page_id=1878"},"modified":"2026-01-30T08:58:56","modified_gmt":"2026-01-30T07:58:56","slug":"nos-expositions","status":"publish","type":"page","link":"https:\/\/un-autre-regard.org\/index.php\/nos-expositions\/","title":{"rendered":"Nos expositions"},"content":{"rendered":"<p><span style=\"font-family: arial, helvetica, sans-serif;\">Retour en arri\u00e8re sur les expositions organis\u00e9es par l&rsquo;association :<\/span><\/p>\n<ul style=\"list-style-type: disc;\">\n<li>du 13 au 30 janvier 2026 :\u00a0Maison de la vie associative \u00e0 Arles &#8211; 25 clich\u00e9s sans th\u00e8me. <a href=\"https:\/\/un-autre-regard.org\/index.php\/carte-blanche-suite\/\"><strong><span style=\"color: #0000ff;\">Voir l&rsquo;expo<\/span><\/strong><\/a><\/li>\n<li>du 22 avril au 11 mai 2025 : Centre de d\u00e9veloppement culturel \u00e0 Saint-Martin-de-Crau &#8211; 30 clich\u00e9s sur le th\u00e8me &lsquo;<strong><em>Insolite !<\/em><\/strong>&lsquo;<strong> <a href=\"https:\/\/www.calameo.com\/read\/00740517619de4240777e\" target=\"_blank\" rel=\"noopener\"><span style=\"color: #0000ff;\">Voir l&rsquo;expo<\/span><\/a><\/strong><\/li>\n<li>du 14 au 31 janvier 2025 : Maison de la vie associative \u00e0 Arles &#8211; 26 clich\u00e9s sur le th\u00e8me &lsquo;<em><strong>Au boulot !<\/strong><\/em>&lsquo;. <a href=\"https:\/\/un-autre-regard.org\/index.php\/au-bou\"><strong><span style=\"color: #0000ff;\">Voir l&rsquo;expo<\/span><\/strong><\/a><\/li>\n<li>du 10 au 27 juillet 2024 : Boulangerie du magasin Biocoop, avenue Victor-Hugo \u00e0\u00a0 Arles &#8211; 25 clich\u00e9s sur le th\u00e8me &lsquo;<strong><em>Points de vue<\/em><\/strong>&lsquo;. <a href=\"https:\/\/un-autre-regard.org\/index.php\/points-de-vue\/\"><span style=\"color: #0000ff;\"><strong>Voir l&rsquo;expo<\/strong><\/span><\/a><\/li>\n<li>du 9 au 26 janvier 2024 : Maison de la vie associative \u00e0 Arles &#8211; 26 clich\u00e9s sans th\u00e8me. <a href=\"https:\/\/un-autre-regard.org\/index.php\/carte-blanche-aux-adherents\/\"><strong><span style=\"color: #0000ff;\">Voir l&rsquo;expo<\/span><\/strong><\/a><\/li>\n<\/ul>\n<ul style=\"list-style-type: disc;\">\n<li>du 6 au 17 juin 2023 : M\u00e9diath\u00e8que Christiane et Alain Lagarde \u00e0 Bellegarde &#8211; 45 clich\u00e9s sur le th\u00e8me &lsquo;<em><strong>Ombres et lumi\u00e8res<\/strong><\/em>&lsquo;. <a href=\"https:\/\/un-autre-regard.org\/index.php\/ombres-et-lumieres-bellegarde\/\"><span style=\"color: #0000ff;\"><strong>Voir l&rsquo;expo<\/strong><\/span><\/a><\/li>\n<li>du 5 au 26 juin 2022 : Maison du tourisme et du patrimoine \u00e0 Beaucaire &#8211; 45 clich\u00e9s sur le th\u00e8me &lsquo;<em><strong>Lieux et objets abandonn\u00e9s<\/strong><\/em>&lsquo;. <a href=\"https:\/\/un-autre-regard.org\/index.php\/lieux-et-objets-abandonnes-beaucaire\/\"><strong><span style=\"color: #0000ff;\">Voir l&rsquo;expo<\/span><\/strong><\/a><\/li>\n<li>du 18 au 28 mai 2022 :\u00a0 salle Henri-Comte \u00e0 Arles &#8211; 69 clich\u00e9s sur le th\u00e8me &lsquo; <em><strong>Les ateliers SNCF : une histoire arl\u00e9sienne<\/strong><\/em>&lsquo;. <a href=\"https:\/\/un-autre-regard.org\/index.php\/ateliers-sncf-a-arles\/\"><span style=\"color: #0000ff;\"><strong>Voir l&rsquo;expo<\/strong><\/span><\/a><\/li>\n<li>du 5 au17 avril 2022 : Centre de d\u00e9veloppement culturel \u00e0 Saint-Martin-de-Crau &#8211; 45 clich\u00e9s sur le th\u00e8me &lsquo;<em><strong>Lieux et objets abandonn\u00e9s<\/strong><\/em>&lsquo;. <a href=\"https:\/\/un-autre-regard.org\/index.php\/lieux-et-objets-abandonnes-saint-martin-de-crau-2\/\"><strong><span style=\"color: #0000ff;\">Voir l&rsquo;expo<\/span><\/strong><\/a><\/li>\n<li>printemps 2021, exposition virtuelle &#8211; 75 clich\u00e9s sur le th\u00e8me &lsquo;<em><strong>Une gare, au hasard<\/strong><\/em>&lsquo;. <strong><a href=\"https:\/\/un-autre-regard.org\/index.php\/z-test\/\"><span style=\"color: #0000ff;\">Voir l&rsquo;expo<\/span><\/a><\/strong><\/li>\n<li>printemps 2020, exposition virtuelle &#8211; 35 clich\u00e9s sur le th\u00e8me &lsquo;<em><strong>L&rsquo;alphabet en photos&rsquo;<\/strong><\/em>.<strong><span style=\"color: #0000ff;\">\u00a0 <span style=\"background-color: #0000ff;\"><a style=\"background-color: #0000ff;\" href=\"https:\/\/un-autre-regard.org\/index.php\/lalphabet-en-photos\/\"><span style=\"background-color: #ffffff; color: #0000ff;\">Voir l&rsquo;expo<\/span><\/a><\/span><\/span><\/strong><\/li>\n<li>du 3 au 13 d\u00e9cembre 2019 : salle Henri-Comte \u00e0 Arles &#8211; 53 clich\u00e9s sur le th\u00e8me &lsquo;<em><strong>Lignes et courbes<\/strong><\/em>&lsquo;. <a href=\"https:\/\/un-autre-regard.org\/index.php\/lignes-et-courbes-a-arles\"><strong><span style=\"color: #0000ff;\">Voir l&rsquo;expo<\/span><\/strong><\/a><\/li>\n<li>du 2 au 13 avril 2019, M\u00e9diath\u00e8que F. Mistral \u00e0 Bellegarde &#8211; 51 clich\u00e9s sur le th\u00e8me &lsquo;<strong><em>Reflets<\/em><\/strong>&lsquo;. <strong><a href=\"https:\/\/un-autre-regard.org\/index.php\/photos_expo_badaboum\"><span style=\"color: #0000ff;\">Voir<\/span><\/a><a href=\"https:\/\/un-autre-regard.org\/index.php\/photos_expo_badaboum\"><span style=\"color: #0000ff;\"> l&rsquo;expo<\/span><\/a><\/strong><\/li>\n<li>du 7 juillet au 26 ao\u00fbt 2018, restaurant &lsquo;<em>Casa Fina<\/em>&lsquo; \u00e0 Arles &#8211; 32 clich\u00e9s sur le th\u00e8me : &lsquo;<em><strong>Couleurs<\/strong><\/em>&lsquo;. <a href=\"https:\/\/un-autre-regard.org\/index.php\/couleurs\/\"><strong><span style=\"color: #0000ff;\">Voir l&rsquo;expo<\/span><\/strong><\/a><\/li>\n<li>du 4 f\u00e9vrier au 18 mars 2018, restaurant &lsquo;<em>Casa Fina<\/em>&lsquo; \u00e0 Arles &#8211; 39 clich\u00e9s sur le th\u00e8me &lsquo;<em><strong>L&rsquo;hiver en photo<\/strong><\/em>s&rsquo;. <a href=\"https:\/\/un-autre-regard.org\/index.php\/lhiver-en-photos\/\"><strong><span style=\"color: #0000ff;\">Voir l&rsquo;expo<\/span><\/strong><\/a><\/li>\n<li>les 7 et 8 octobre 2017, animation &lsquo;<em>Artistes au village<\/em>&lsquo; \u00e0 Fourques &#8211; 29 clich\u00e9s sans th\u00e8me. <span style=\"color: #0000ff;\"><strong><a style=\"color: #0000ff;\" href=\"https:\/\/un-autre-regard.org\/index.php\/artistes-au-village-4\/\">Voir l&rsquo;expo<\/a><\/strong><\/span><\/li>\n<\/ul>\n\n","protected":false},"excerpt":{"rendered":"<p>Retour en arri\u00e8re sur les expositions organis\u00e9es par l&rsquo;association : du 13 au 30 janvier 2026 :\u00a0Maison de la vie associative \u00e0 Arles &#8211; 25 clich\u00e9s sans th\u00e8me. Voir l&rsquo;expo du 22 avril au 11 mai 2025 : Centre de d\u00e9veloppement culturel \u00e0 Saint-Martin-de-Crau &#8211; 30 clich\u00e9s sur le th\u00e8me &lsquo;Insolite !&lsquo; Voir l&rsquo;expo du [&hellip;]<\/p>\n","protected":false},"author":1,"featured_media":0,"parent":0,"menu_order":0,"comment_status":"closed","ping_status":"closed","template":"","meta":{"footnotes":""},"class_list":["post-1878","page","type-page","status-publish","hentry"],"_links":{"self":[{"href":"https:\/\/un-autre-regard.org\/index.php\/wp-json\/wp\/v2\/pages\/1878","targetHints":{"allow":["GET"]}}],"collection":[{"href":"https:\/\/un-autre-regard.org\/index.php\/wp-json\/wp\/v2\/pages"}],"about":[{"href":"https:\/\/un-autre-regard.org\/index.php\/wp-json\/wp\/v2\/types\/page"}],"author":[{"embeddable":true,"href":"https:\/\/un-autre-regard.org\/index.php\/wp-json\/wp\/v2\/users\/1"}],"replies":[{"embeddable":true,"href":"https:\/\/un-autre-regard.org\/index.php\/wp-json\/wp\/v2\/comments?post=1878"}],"version-history":[{"count":57,"href":"https:\/\/un-autre-regard.org\/index.php\/wp-json\/wp\/v2\/pages\/1878\/revisions"}],"predecessor-version":[{"id":6182,"href":"https:\/\/un-autre-regard.org\/index.php\/wp-json\/wp\/v2\/pages\/1878\/revisions\/6182"}],"wp:attachment":[{"href":"https:\/\/un-autre-regard.org\/index.php\/wp-json\/wp\/v2\/media?parent=1878"}],"curies":[{"name":"wp","href":"https:\/\/api.w.org\/{rel}","templated":true}]}}