{"id":24,"date":"2018-10-29T16:40:02","date_gmt":"2018-10-29T15:40:02","guid":{"rendered":"https:\/\/un-autre-regard.org\/?page_id=24"},"modified":"2026-01-23T15:57:45","modified_gmt":"2026-01-23T14:57:45","slug":"les-photos-des-adherents","status":"publish","type":"page","link":"https:\/\/un-autre-regard.org\/index.php\/les-photos-des-adherents\/","title":{"rendered":"Les photos des adh\u00e9rents"},"content":{"rendered":"\n<p><\/p>\n\n\n<p><span style=\"font-family: arial, helvetica, sans-serif;\">Voici les galeries de quelques-uns de nos adh\u00e9rents :<\/span><\/p>\n<ul>\n<li class=\"has-text-color\" style=\"color: #0934ec;\"><a href=\"https:\/\/un-autre-regard.org\/index.php\/sandrine-bensoussan\/\"><span style=\"color: #0000ff;\">Sandrine Bensoussan<\/span><\/a><\/li>\n<li class=\"has-text-color\" style=\"color: #0934ec;\"><span style=\"color: #0000ff;\"><a style=\"color: #0000ff;\" href=\"https:\/\/un-autre-regard.org\/index.php\/photos_jcbortoletto\/\">J<\/a><a style=\"color: #0000ff;\" href=\"https:\/\/un-autre-regard.org\/index.php\/photos-de-jc-bortoletto\/\">ean-Claude Bortoletto<\/a><\/span><\/li>\n<li><span style=\"color: #0000ff;\"><a style=\"outline-width: 0px !important; user-select: auto !important; color: #0000ff;\" href=\"https:\/\/un-autre-regard.org\/index.php\/photos-de-p-dusoewoir\/\">Patrice Dusoewoir<\/a><\/span><\/li>\n<li><a href=\"https:\/\/un-autre-regard.org\/index.php\/isabelle-franc\"><span style=\"color: #0000ff;\">Isabelle Fran\u00e7ois<\/span><\/a><\/li>\n<li><a href=\"https:\/\/un-autre-regard.org\/index.php\/hubert-meriaux\/\"><span style=\"color: #0000ff;\">Hubert M\u00e9riaux<\/span><\/a><\/li>\n<li><a href=\"https:\/\/un-autre-regard.org\/index.php\/valerie-meriaux\"><span style=\"color: #0000ff;\">Val\u00e9rie M\u00e9riaux<\/span><\/a><\/li>\n<li class=\"has-text-color\" style=\"color: #0934ec;\"><span style=\"color: #0000ff;\"><a style=\"color: #0000ff;\" href=\"https:\/\/un-autre-regard.org\/index.php\/photos-de-m-pascal\/\">Martine Pascal<\/a><\/span><\/li>\n<li><a href=\"https:\/\/un-autre-regard.org\/index.php\/jean-louis-rignon\/\"><span style=\"color: #0000ff;\">Jean<\/span><span style=\"color: #0000ff;\">-Louis Rignon<\/span><\/a><\/li>\n<li><a href=\"https:\/\/un-autre-regard.org\/index.php\/daniel-rognon\/\"><span style=\"color: #0000ff;\">Daniel Rognon<\/span><\/a><\/li>\n<li><a href=\"https:\/\/un-autre-regard.org\/index.php\/edwige-senac\/\"><span style=\"color: #0000ff;\">Edwige S\u00e9nac<\/span><\/a><\/li>\n<\/ul>","protected":false},"excerpt":{"rendered":"<p>Voici les galeries de quelques-uns de nos adh\u00e9rents : Sandrine Bensoussan Jean-Claude Bortoletto Patrice Dusoewoir Isabelle Fran\u00e7ois Hubert M\u00e9riaux Val\u00e9rie M\u00e9riaux Martine Pascal Jean-Louis Rignon Daniel Rognon Edwige S\u00e9nac<\/p>\n","protected":false},"author":1,"featured_media":0,"parent":0,"menu_order":0,"comment_status":"closed","ping_status":"closed","template":"","meta":{"footnotes":""},"class_list":["post-24","page","type-page","status-publish","hentry"],"_links":{"self":[{"href":"https:\/\/un-autre-regard.org\/index.php\/wp-json\/wp\/v2\/pages\/24","targetHints":{"allow":["GET"]}}],"collection":[{"href":"https:\/\/un-autre-regard.org\/index.php\/wp-json\/wp\/v2\/pages"}],"about":[{"href":"https:\/\/un-autre-regard.org\/index.php\/wp-json\/wp\/v2\/types\/page"}],"author":[{"embeddable":true,"href":"https:\/\/un-autre-regard.org\/index.php\/wp-json\/wp\/v2\/users\/1"}],"replies":[{"embeddable":true,"href":"https:\/\/un-autre-regard.org\/index.php\/wp-json\/wp\/v2\/comments?post=24"}],"version-history":[{"count":128,"href":"https:\/\/un-autre-regard.org\/index.php\/wp-json\/wp\/v2\/pages\/24\/revisions"}],"predecessor-version":[{"id":6144,"href":"https:\/\/un-autre-regard.org\/index.php\/wp-json\/wp\/v2\/pages\/24\/revisions\/6144"}],"wp:attachment":[{"href":"https:\/\/un-autre-regard.org\/index.php\/wp-json\/wp\/v2\/media?parent=24"}],"curies":[{"name":"wp","href":"https:\/\/api.w.org\/{rel}","templated":true}]}}