{"id":39,"date":"2018-10-29T16:37:22","date_gmt":"2018-10-29T15:37:22","guid":{"rendered":"https:\/\/un-autre-regard.org\/?page_id=39"},"modified":"2019-11-06T13:08:15","modified_gmt":"2019-11-06T12:08:15","slug":"contact","status":"publish","type":"page","link":"https:\/\/un-autre-regard.org\/index.php\/contact\/","title":{"rendered":"Contact"},"content":{"rendered":"<p><img fetchpriority=\"high\" decoding=\"async\" class=\"wp-image-354 alignright\" src=\"https:\/\/un-autre-regard.org\/wp-content\/uploads\/2018\/11\/7d_13395_p-300x200.jpg\" alt=\"\" width=\"440\" height=\"293\" srcset=\"https:\/\/un-autre-regard.org\/wp-content\/uploads\/2018\/11\/7d_13395_p-300x200.jpg 300w, https:\/\/un-autre-regard.org\/wp-content\/uploads\/2018\/11\/7d_13395_p-768x512.jpg 768w, https:\/\/un-autre-regard.org\/wp-content\/uploads\/2018\/11\/7d_13395_p-1024x682.jpg 1024w, https:\/\/un-autre-regard.org\/wp-content\/uploads\/2018\/11\/7d_13395_p.jpg 1801w\" sizes=\"(max-width: 440px) 100vw, 440px\" \/>Pour tout renseignement, vous pouvez nous joindre :<\/p>\n<ul>\n<li>par courriel, \u00e0 l&rsquo;adresse suivante : <span style=\"color: #0000ff;\"><a style=\"color: #0000ff;\" href=\"mailto: unautreregard@net-c.com\">unautreregard@net-c.com<\/a><\/span><\/li>\n<li>par t\u00e9l\u00e9phone, au <strong>06 62 31 62 69<\/strong><\/li>\n<li>par courrier, \u00e0 l&rsquo;adresse suivante\u00a0 :\u00a0<strong>Association &lsquo;Un autre regard &#8230;<\/strong>&lsquo; &#8211;\u00a0 Maison de la vie associative &#8211; boulevard des Lices &#8211; 13200 Arles<\/li>\n<\/ul>\n\n\n<p><\/p>\n","protected":false},"excerpt":{"rendered":"<p>Pour tout renseignement, vous pouvez nous joindre : par courriel, \u00e0 l&rsquo;adresse suivante : unautreregard@net-c.com par t\u00e9l\u00e9phone, au 06 62 31 62 69 par courrier, \u00e0 l&rsquo;adresse suivante\u00a0 :\u00a0Association &lsquo;Un autre regard &#8230;&lsquo; &#8211;\u00a0 Maison de la vie associative &#8211; boulevard des Lices &#8211; 13200 Arles<\/p>\n","protected":false},"author":1,"featured_media":0,"parent":0,"menu_order":0,"comment_status":"closed","ping_status":"closed","template":"","meta":{"footnotes":""},"class_list":["post-39","page","type-page","status-publish","hentry"],"_links":{"self":[{"href":"https:\/\/un-autre-regard.org\/index.php\/wp-json\/wp\/v2\/pages\/39","targetHints":{"allow":["GET"]}}],"collection":[{"href":"https:\/\/un-autre-regard.org\/index.php\/wp-json\/wp\/v2\/pages"}],"about":[{"href":"https:\/\/un-autre-regard.org\/index.php\/wp-json\/wp\/v2\/types\/page"}],"author":[{"embeddable":true,"href":"https:\/\/un-autre-regard.org\/index.php\/wp-json\/wp\/v2\/users\/1"}],"replies":[{"embeddable":true,"href":"https:\/\/un-autre-regard.org\/index.php\/wp-json\/wp\/v2\/comments?post=39"}],"version-history":[{"count":35,"href":"https:\/\/un-autre-regard.org\/index.php\/wp-json\/wp\/v2\/pages\/39\/revisions"}],"predecessor-version":[{"id":2522,"href":"https:\/\/un-autre-regard.org\/index.php\/wp-json\/wp\/v2\/pages\/39\/revisions\/2522"}],"wp:attachment":[{"href":"https:\/\/un-autre-regard.org\/index.php\/wp-json\/wp\/v2\/media?parent=39"}],"curies":[{"name":"wp","href":"https:\/\/api.w.org\/{rel}","templated":true}]}}