{"id":4378,"date":"2021-12-05T09:32:37","date_gmt":"2021-12-05T08:32:37","guid":{"rendered":"https:\/\/un-autre-regard.org\/?page_id=4378"},"modified":"2021-12-05T09:39:01","modified_gmt":"2021-12-05T08:39:01","slug":"sortie-photo-du-28-novembre-2021","status":"publish","type":"page","link":"https:\/\/un-autre-regard.org\/index.php\/sortie-photo-du-28-novembre-2021\/","title":{"rendered":"Sortie photo du 28 novembre 2021"},"content":{"rendered":"\n<p>Ils \u00e9taient cinq photographes, dimanche 28 novembre 2021, suffisamment courageux pour gagner Salin de Giraud et prendre des photos par un fort mistral. Mais, heureusement, le soleil \u00e9tait bien au rendez-vous et a permis des clich\u00e9s bien sympas, dont voici une petite s\u00e9lection.<\/p>\n<p>Les courageux photographes \u00e9taient Colette, Martine, Henri, Jean-Claude et Robert.<\/p>\n\n<style>\n    \/* Portfolio Options Configuration Goes Here*\/\n    #gallery .tile:hover{\n        cursor: pointer !important;\n    }\n\n    \/* - - - - - - - - - - - - - - -*\/\n    \/* Tile Hover Customizations *\/\n\n    \/* Customize overlay background *\/\n    #gallery .crp-tile-inner .overlay,\n    #gallery .tile .caption {\n        background-color: rgba(0,0,0,0.50196078431373) !important;\n    }\n\n    #gallery .crp-tile-inner.crp-details-bg .details {\n        background-color: rgba(0,0,0,0.50196078431373) !important;\n    }\n\n    #gallery .crp-tile-inner .details h3 {\n        color: #ffffff;\n        text-align: center;\n        font-size: 18px;\n    }\n\n    #gallery .crp-tile-inner .details p {\n        color: #ffffff;\n        text-align: center;\n        font-size: 11px;\n    }\n\n        #gallery .crp-tile-inner .details h3 {\n        margin-bottom: 0px;\n    }\n    \n<\/style>\n\n<!--Here Goes HTML-->\n<div class=\"crp-wrapper\">\n    <div id=\"gallery\">\n        <div id=\"ftg-items\" class=\"ftg-items\">\n                            <div id=\"crp-tile-1940\" class=\"tile\" data-url=\"\">\n                                        <div class=\"crp-tile-inner details33 crp-details-bg image01\">\n                    \n                    \n                    \n                    <div id=\"1940\" class=\"tile-inner\">\n                                                <img decoding=\"async\" class=\"crp-item crp-tile-img\" src=\"https:\/\/un-autre-regard.org\/wp-content\/uploads\/2021\/12\/r_cv_1.JPG.jpg\" data-width=\"1629\" data-height=\"1200\" \/>\n                        <div class='overlay'><\/div>                    <\/div>\n                                        <\/div>\n\n                                    <\/div>\n                            <div id=\"crp-tile-1939\" class=\"tile\" data-url=\"\">\n                                        <div class=\"crp-tile-inner details33 crp-details-bg image01\">\n                    \n                    \n                    \n                    <div id=\"1939\" class=\"tile-inner\">\n                                                <img decoding=\"async\" class=\"crp-item crp-tile-img\" src=\"https:\/\/un-autre-regard.org\/wp-content\/uploads\/2021\/12\/r_cv_2.JPG.jpg\" data-width=\"1601\" data-height=\"1200\" \/>\n                        <div class='overlay'><\/div>                    <\/div>\n                                        <\/div>\n\n                                    <\/div>\n                            <div id=\"crp-tile-1938\" class=\"tile\" data-url=\"\">\n                                        <div class=\"crp-tile-inner details33 crp-details-bg image01\">\n                    \n                    \n                    \n                    <div id=\"1938\" class=\"tile-inner\">\n                                                <img decoding=\"async\" class=\"crp-item crp-tile-img\" src=\"https:\/\/un-autre-regard.org\/wp-content\/uploads\/2021\/12\/r_cv_3.JPG.jpg\" data-width=\"1389\" data-height=\"1200\" \/>\n                        <div class='overlay'><\/div>                    <\/div>\n                                        <\/div>\n\n                                    <\/div>\n                            <div id=\"crp-tile-1937\" class=\"tile\" data-url=\"\">\n                                        <div class=\"crp-tile-inner details33 crp-details-bg image01\">\n                    \n                    \n                    \n                    <div id=\"1937\" class=\"tile-inner\">\n                                                <img decoding=\"async\" class=\"crp-item crp-tile-img\" src=\"https:\/\/un-autre-regard.org\/wp-content\/uploads\/2021\/12\/r_hm_1.JPG.jpg\" data-width=\"1800\" data-height=\"1200\" \/>\n                        <div class='overlay'><\/div>                    <\/div>\n                                        <\/div>\n\n                                    <\/div>\n                            <div id=\"crp-tile-1936\" class=\"tile\" data-url=\"\">\n                                        <div class=\"crp-tile-inner details33 crp-details-bg image01\">\n                    \n                    \n                    \n                    <div id=\"1936\" class=\"tile-inner\">\n                                                <img decoding=\"async\" class=\"crp-item crp-tile-img\" src=\"https:\/\/un-autre-regard.org\/wp-content\/uploads\/2021\/12\/r_hm_2.JPG.jpg\" data-width=\"1800\" data-height=\"1200\" \/>\n                        <div class='overlay'><\/div>                    <\/div>\n                                        <\/div>\n\n                                    <\/div>\n                            <div id=\"crp-tile-1935\" class=\"tile\" data-url=\"\">\n                                        <div class=\"crp-tile-inner details33 crp-details-bg image01\">\n                    \n                    \n                    \n                    <div id=\"1935\" class=\"tile-inner\">\n                                                <img decoding=\"async\" class=\"crp-item crp-tile-img\" src=\"https:\/\/un-autre-regard.org\/wp-content\/uploads\/2021\/12\/r_hm_3.JPG.jpg\" data-width=\"1800\" data-height=\"1200\" \/>\n                        <div class='overlay'><\/div>                    <\/div>\n                                        <\/div>\n\n                                    <\/div>\n                            <div id=\"crp-tile-1934\" class=\"tile\" data-url=\"\">\n                                        <div class=\"crp-tile-inner details33 crp-details-bg image01\">\n                    \n                    \n                    \n                    <div id=\"1934\" class=\"tile-inner\">\n                                                <img decoding=\"async\" class=\"crp-item crp-tile-img\" src=\"https:\/\/un-autre-regard.org\/wp-content\/uploads\/2021\/12\/r_jcb_1.jpg.jpg\" data-width=\"1799\" data-height=\"1200\" \/>\n                        <div class='overlay'><\/div>                    <\/div>\n                                        <\/div>\n\n                                    <\/div>\n                            <div id=\"crp-tile-1933\" class=\"tile\" data-url=\"\">\n                                        <div class=\"crp-tile-inner details33 crp-details-bg image01\">\n                    \n                    \n                    \n                    <div id=\"1933\" class=\"tile-inner\">\n                                                <img decoding=\"async\" class=\"crp-item crp-tile-img\" src=\"https:\/\/un-autre-regard.org\/wp-content\/uploads\/2021\/12\/r_jcb_2.jpg.jpg\" data-width=\"1800\" data-height=\"1200\" \/>\n                        <div class='overlay'><\/div>                    <\/div>\n                                        <\/div>\n\n                                    <\/div>\n                            <div id=\"crp-tile-1932\" class=\"tile\" data-url=\"\">\n                                        <div class=\"crp-tile-inner details33 crp-details-bg image01\">\n                    \n                    \n                    \n                    <div id=\"1932\" class=\"tile-inner\">\n                                                <img decoding=\"async\" class=\"crp-item crp-tile-img\" src=\"https:\/\/un-autre-regard.org\/wp-content\/uploads\/2021\/12\/r_jcb_3.jpg.jpg\" data-width=\"800\" data-height=\"1200\" \/>\n                        <div class='overlay'><\/div>                    <\/div>\n                                        <\/div>\n\n                                    <\/div>\n                            <div id=\"crp-tile-1931\" class=\"tile\" data-url=\"\">\n                                        <div class=\"crp-tile-inner details33 crp-details-bg image01\">\n                    \n                    \n                    \n                    <div id=\"1931\" class=\"tile-inner\">\n                                                <img decoding=\"async\" class=\"crp-item crp-tile-img\" src=\"https:\/\/un-autre-regard.org\/wp-content\/uploads\/2021\/12\/r_mm_2.JPG.jpg\" data-width=\"1600\" data-height=\"1200\" \/>\n                        <div class='overlay'><\/div>                    <\/div>\n                                        <\/div>\n\n                                    <\/div>\n                            <div id=\"crp-tile-1930\" class=\"tile\" data-url=\"\">\n                                        <div class=\"crp-tile-inner details33 crp-details-bg image01\">\n                    \n                    \n                    \n                    <div id=\"1930\" class=\"tile-inner\">\n                                                <img decoding=\"async\" class=\"crp-item crp-tile-img\" src=\"https:\/\/un-autre-regard.org\/wp-content\/uploads\/2021\/12\/r_mm3.JPG.jpg\" data-width=\"1600\" data-height=\"1200\" \/>\n                        <div class='overlay'><\/div>                    <\/div>\n                                        <\/div>\n\n                                    <\/div>\n                            <div id=\"crp-tile-1929\" class=\"tile\" data-url=\"\">\n                                        <div class=\"crp-tile-inner details33 crp-details-bg image01\">\n                    \n                    \n                    \n                    <div id=\"1929\" class=\"tile-inner\">\n                                                <img decoding=\"async\" class=\"crp-item crp-tile-img\" src=\"https:\/\/un-autre-regard.org\/wp-content\/uploads\/2021\/12\/r_rs_1.jpg.jpg\" data-width=\"1600\" data-height=\"1200\" \/>\n                        <div class='overlay'><\/div>                    <\/div>\n                                        <\/div>\n\n                                    <\/div>\n                            <div id=\"crp-tile-1928\" class=\"tile\" data-url=\"\">\n                                        <div class=\"crp-tile-inner details33 crp-details-bg image01\">\n                    \n                    \n                    \n                    <div id=\"1928\" class=\"tile-inner\">\n                                                <img decoding=\"async\" class=\"crp-item crp-tile-img\" src=\"https:\/\/un-autre-regard.org\/wp-content\/uploads\/2021\/12\/r_rs_2.jpg.jpg\" data-width=\"1600\" data-height=\"1200\" \/>\n                        <div class='overlay'><\/div>                    <\/div>\n                                        <\/div>\n\n                                    <\/div>\n                            <div id=\"crp-tile-1927\" class=\"tile\" data-url=\"\">\n                                        <div class=\"crp-tile-inner details33 crp-details-bg image01\">\n                    \n                    \n                    \n                    <div id=\"1927\" class=\"tile-inner\">\n                                                <img decoding=\"async\" class=\"crp-item crp-tile-img\" src=\"https:\/\/un-autre-regard.org\/wp-content\/uploads\/2021\/12\/r_rs_3.jpg.jpg\" data-width=\"1600\" data-height=\"1200\" \/>\n                        <div class='overlay'><\/div>                    <\/div>\n                                        <\/div>\n\n                                    <\/div>\n                            <div id=\"crp-tile-1926\" class=\"tile\" data-url=\"\">\n                                        <div class=\"crp-tile-inner details33 crp-details-bg image01\">\n                    \n                    \n                    \n                    <div id=\"1926\" class=\"tile-inner\">\n                                                <img decoding=\"async\" class=\"crp-item crp-tile-img\" src=\"https:\/\/un-autre-regard.org\/wp-content\/uploads\/2021\/12\/r_mm_1.JPG.jpg\" data-width=\"1551\" data-height=\"1163\" \/>\n                        <div class='overlay'><\/div>                    <\/div>\n                                        <\/div>\n\n                                    <\/div>\n                                        <ul id=\"crp-light-gallery\" class=\"crp-light-gallery\" style=\"display: none;\" >\n                                    \n                    <li id=\"crp-light-gallery-item-1940\" data-src=\"https:\/\/un-autre-regard.org\/wp-content\/uploads\/2021\/12\/r_cv_1.JPG.jpg\" data-sub-html=\"\" data-url=\"\">\n                        <a href=\"#\">\n                            <img decoding=\"async\" src=\"https:\/\/un-autre-regard.org\/wp-content\/uploads\/2021\/12\/r_cv_1.JPG-300x221.jpg\" \/>\n                        <\/a>\n                    <\/li>\n                                    \n                    <li id=\"crp-light-gallery-item-1939\" data-src=\"https:\/\/un-autre-regard.org\/wp-content\/uploads\/2021\/12\/r_cv_2.JPG.jpg\" data-sub-html=\"\" data-url=\"\">\n                        <a href=\"#\">\n                            <img decoding=\"async\" src=\"https:\/\/un-autre-regard.org\/wp-content\/uploads\/2021\/12\/r_cv_2.JPG-300x225.jpg\" \/>\n                        <\/a>\n                    <\/li>\n                                    \n                    <li id=\"crp-light-gallery-item-1938\" data-src=\"https:\/\/un-autre-regard.org\/wp-content\/uploads\/2021\/12\/r_cv_3.JPG.jpg\" data-sub-html=\"\" data-url=\"\">\n                        <a href=\"#\">\n                            <img decoding=\"async\" src=\"https:\/\/un-autre-regard.org\/wp-content\/uploads\/2021\/12\/r_cv_3.JPG-300x259.jpg\" \/>\n                        <\/a>\n                    <\/li>\n                                    \n                    <li id=\"crp-light-gallery-item-1937\" data-src=\"https:\/\/un-autre-regard.org\/wp-content\/uploads\/2021\/12\/r_hm_1.JPG.jpg\" data-sub-html=\"\" data-url=\"\">\n                        <a href=\"#\">\n                            <img decoding=\"async\" src=\"https:\/\/un-autre-regard.org\/wp-content\/uploads\/2021\/12\/r_hm_1.JPG-300x200.jpg\" \/>\n                        <\/a>\n                    <\/li>\n                                    \n                    <li id=\"crp-light-gallery-item-1936\" data-src=\"https:\/\/un-autre-regard.org\/wp-content\/uploads\/2021\/12\/r_hm_2.JPG.jpg\" data-sub-html=\"\" data-url=\"\">\n                        <a href=\"#\">\n                            <img decoding=\"async\" src=\"https:\/\/un-autre-regard.org\/wp-content\/uploads\/2021\/12\/r_hm_2.JPG-300x200.jpg\" \/>\n                        <\/a>\n                    <\/li>\n                                    \n                    <li id=\"crp-light-gallery-item-1935\" data-src=\"https:\/\/un-autre-regard.org\/wp-content\/uploads\/2021\/12\/r_hm_3.JPG.jpg\" data-sub-html=\"\" data-url=\"\">\n                        <a href=\"#\">\n                            <img decoding=\"async\" src=\"https:\/\/un-autre-regard.org\/wp-content\/uploads\/2021\/12\/r_hm_3.JPG-300x200.jpg\" \/>\n                        <\/a>\n                    <\/li>\n                                    \n                    <li id=\"crp-light-gallery-item-1934\" data-src=\"https:\/\/un-autre-regard.org\/wp-content\/uploads\/2021\/12\/r_jcb_1.jpg.jpg\" data-sub-html=\"\" data-url=\"\">\n                        <a href=\"#\">\n                            <img decoding=\"async\" src=\"https:\/\/un-autre-regard.org\/wp-content\/uploads\/2021\/12\/r_jcb_1.jpg-300x200.jpg\" \/>\n                        <\/a>\n                    <\/li>\n                                    \n                    <li id=\"crp-light-gallery-item-1933\" data-src=\"https:\/\/un-autre-regard.org\/wp-content\/uploads\/2021\/12\/r_jcb_2.jpg.jpg\" data-sub-html=\"\" data-url=\"\">\n                        <a href=\"#\">\n                            <img decoding=\"async\" src=\"https:\/\/un-autre-regard.org\/wp-content\/uploads\/2021\/12\/r_jcb_2.jpg-300x200.jpg\" \/>\n                        <\/a>\n                    <\/li>\n                                    \n                    <li id=\"crp-light-gallery-item-1932\" data-src=\"https:\/\/un-autre-regard.org\/wp-content\/uploads\/2021\/12\/r_jcb_3.jpg.jpg\" data-sub-html=\"\" data-url=\"\">\n                        <a href=\"#\">\n                            <img decoding=\"async\" src=\"https:\/\/un-autre-regard.org\/wp-content\/uploads\/2021\/12\/r_jcb_3.jpg-200x300.jpg\" \/>\n                        <\/a>\n                    <\/li>\n                                    \n                    <li id=\"crp-light-gallery-item-1931\" data-src=\"https:\/\/un-autre-regard.org\/wp-content\/uploads\/2021\/12\/r_mm_2.JPG.jpg\" data-sub-html=\"\" data-url=\"\">\n                        <a href=\"#\">\n                            <img decoding=\"async\" src=\"https:\/\/un-autre-regard.org\/wp-content\/uploads\/2021\/12\/r_mm_2.JPG-300x225.jpg\" \/>\n                        <\/a>\n                    <\/li>\n                                    \n                    <li id=\"crp-light-gallery-item-1930\" data-src=\"https:\/\/un-autre-regard.org\/wp-content\/uploads\/2021\/12\/r_mm3.JPG.jpg\" data-sub-html=\"\" data-url=\"\">\n                        <a href=\"#\">\n                            <img decoding=\"async\" src=\"https:\/\/un-autre-regard.org\/wp-content\/uploads\/2021\/12\/r_mm3.JPG-300x225.jpg\" \/>\n                        <\/a>\n                    <\/li>\n                                    \n                    <li id=\"crp-light-gallery-item-1929\" data-src=\"https:\/\/un-autre-regard.org\/wp-content\/uploads\/2021\/12\/r_rs_1.jpg.jpg\" data-sub-html=\"\" data-url=\"\">\n                        <a href=\"#\">\n                            <img decoding=\"async\" src=\"https:\/\/un-autre-regard.org\/wp-content\/uploads\/2021\/12\/r_rs_1.jpg-300x225.jpg\" \/>\n                        <\/a>\n                    <\/li>\n                                    \n                    <li id=\"crp-light-gallery-item-1928\" data-src=\"https:\/\/un-autre-regard.org\/wp-content\/uploads\/2021\/12\/r_rs_2.jpg.jpg\" data-sub-html=\"\" data-url=\"\">\n                        <a href=\"#\">\n                            <img decoding=\"async\" src=\"https:\/\/un-autre-regard.org\/wp-content\/uploads\/2021\/12\/r_rs_2.jpg-300x225.jpg\" \/>\n                        <\/a>\n                    <\/li>\n                                    \n                    <li id=\"crp-light-gallery-item-1927\" data-src=\"https:\/\/un-autre-regard.org\/wp-content\/uploads\/2021\/12\/r_rs_3.jpg.jpg\" data-sub-html=\"\" data-url=\"\">\n                        <a href=\"#\">\n                            <img decoding=\"async\" src=\"https:\/\/un-autre-regard.org\/wp-content\/uploads\/2021\/12\/r_rs_3.jpg-300x225.jpg\" \/>\n                        <\/a>\n                    <\/li>\n                                    \n                    <li id=\"crp-light-gallery-item-1926\" data-src=\"https:\/\/un-autre-regard.org\/wp-content\/uploads\/2021\/12\/r_mm_1.JPG.jpg\" data-sub-html=\"\" data-url=\"\">\n                        <a href=\"#\">\n                            <img decoding=\"async\" src=\"https:\/\/un-autre-regard.org\/wp-content\/uploads\/2021\/12\/r_mm_1.JPG-300x225.jpg\" \/>\n                        <\/a>\n                    <\/li>\n                                <\/ul>\n                    <\/div>\n    <\/div>\n<\/div>\n\n\n<!--Here Goes JS-->\n<script>\n    (function($) {\n        jQuery(document).ready(function(){\n\n            var tileParams = {};\n\n            if(0) {\n                tileParams.approxTileWidth = 250;\n                tileParams.approxTileHeight = 250;\n                tileParams.minTileWidth = 200;\n            }\n\n            if(0) {\n                tileParams.addBlock1Height = 40;\n                tileParams.addBlock2Height = 100;\n            }\n            jQuery('#gallery').crpTiledLayer(tileParams);\n\n            jQuery( \".crp-light-gallery\" ).each(function() {\n              var id = $( this ).attr(\"id\");\n              jQuery(\"#\" + id).lightGallery({\n                mode: 'slide',\n                useCSS: true,\n                cssEasing: 'ease', \/\/'cubic-bezier(0.25, 0, 0.25, 1)',\/\/\n                easing: 'linear', \/\/'for jquery animation',\/\/\n                speed: 600,\n                addClass: '',\n\n                closable: true,\n                loop: true,\n                auto: false,\n                pause: 6000,\n                escKey: true,\n                controls: true,\n                hideControlOnEnd: false,\n\n                preload: 1, \/\/number of preload slides. will exicute only after the current slide is fully loaded. ex:\/\/ you clicked on 4th image and if preload = 1 then 3rd slide and 5th slide will be loaded in the background after the 4th slide is fully loaded.. if preload is 2 then 2nd 3rd 5th 6th slides will be preloaded.. ... ...\n                showAfterLoad: true,\n                selector: null,\n                index: false,\n\n                lang: {\n                    allPhotos: 'All photos'\n                },\n                counter: false,\n\n                exThumbImage: false,\n                thumbnail: true,\n                showThumbByDefault:false,\n                animateThumb: true,\n                currentPagerPosition: 'middle',\n                thumbWidth: 150,\n                thumbMargin: 10,\n\n\n                mobileSrc: false,\n                mobileSrcMaxWidth: 640,\n                swipeThreshold: 50,\n                enableTouch: true,\n                enableDrag: true,\n\n                vimeoColor: 'CCCCCC',\n                youtubePlayerParams: false, \/\/ See: https:\/\/developers.google.com\/youtube\/player_parameters,\n                videoAutoplay: true,\n                videoMaxWidth: '855px',\n\n                dynamic: false,\n                dynamicEl: [],\n\n                \/\/ Callbacks el = current plugin\n                onOpen        : function(el) {}, \/\/ Executes immediately after the gallery is loaded.\n                onSlideBefore : function(el) {}, \/\/ Executes immediately before each transition.\n                onSlideAfter  : function(el) {}, \/\/ Executes immediately after each transition.\n                onSlideNext   : function(el) {}, \/\/ Executes immediately before each \"Next\" transition.\n                onSlidePrev   : function(el) {}, \/\/ Executes immediately before each \"Prev\" transition.\n                onBeforeClose : function(el) {}, \/\/ Executes immediately before the start of the close process.\n                onCloseAfter  : function(el) {}, \/\/ Executes immediately once lightGallery is closed.\n                onOpenExternal  : function(el, index) {\n                    if($(el).attr('data-url')) {\n                        var href = $(el).attr(\"data-url\");\n                    } else {\n                        var href = $(\"#crp-light-gallery li\").eq(index).attr('data-url');\n                    }\n                    if(href) {\n                        crp_loadHref(href,true);\n                    }else {\n                        return false;\n                    }\n\n                }, \/\/ Executes immediately before each \"open external\" transition.\n                onToggleInfo  : function(el) {\n                  var $info = $(\".lg-info\");\n                  if($info.css(\"opacity\") == 1){\n                    $info.fadeTo(\"slow\",0);\n                  }else{\n                    $info.fadeTo(\"slow\",1);\n                  }\n                } \/\/ Executes immediately before each \"toggle info\" transition.\n              });\n            });\n\n            jQuery(\".tile\").on('click', function (event){\n                if(jQuery(event.target).hasClass('crp-product-buy-button') || jQuery(event.target).hasClass('crp-product-checkout-button')) {\n                    return false;\n                } else if(jQuery(event.target).is(\"a\")) {\n                  return true;\n                }\n\n                \n                event.preventDefault();\n                if(jQuery(event.target).hasClass(\"fa\") && !jQuery(event.target).hasClass(\"zoom\")) return;\n\n                                var tileId = jQuery(\".tile-inner\", jQuery(this)).attr(\"id\");\n                var target = jQuery(\"#crp-light-gallery-item-\"+tileId);\n                                target.trigger( \"click\" );\n            });\n\n        });\n    })( jQuery );\n\n<\/script>\n\n<p>\u00a0<\/p>\n","protected":false},"excerpt":{"rendered":"<p>Ils \u00e9taient cinq photographes, dimanche 28 novembre 2021, suffisamment courageux pour gagner Salin de Giraud et prendre des photos par un fort mistral. Mais, heureusement, le soleil \u00e9tait bien au rendez-vous et a permis des clich\u00e9s bien sympas, dont voici une petite s\u00e9lection. Les courageux photographes \u00e9taient Colette, Martine, Henri, Jean-Claude et Robert. \u00a0<\/p>\n","protected":false},"author":1,"featured_media":0,"parent":0,"menu_order":0,"comment_status":"closed","ping_status":"closed","template":"","meta":{"footnotes":""},"class_list":["post-4378","page","type-page","status-publish","hentry"],"_links":{"self":[{"href":"https:\/\/un-autre-regard.org\/index.php\/wp-json\/wp\/v2\/pages\/4378","targetHints":{"allow":["GET"]}}],"collection":[{"href":"https:\/\/un-autre-regard.org\/index.php\/wp-json\/wp\/v2\/pages"}],"about":[{"href":"https:\/\/un-autre-regard.org\/index.php\/wp-json\/wp\/v2\/types\/page"}],"author":[{"embeddable":true,"href":"https:\/\/un-autre-regard.org\/index.php\/wp-json\/wp\/v2\/users\/1"}],"replies":[{"embeddable":true,"href":"https:\/\/un-autre-regard.org\/index.php\/wp-json\/wp\/v2\/comments?post=4378"}],"version-history":[{"count":10,"href":"https:\/\/un-autre-regard.org\/index.php\/wp-json\/wp\/v2\/pages\/4378\/revisions"}],"predecessor-version":[{"id":4388,"href":"https:\/\/un-autre-regard.org\/index.php\/wp-json\/wp\/v2\/pages\/4378\/revisions\/4388"}],"wp:attachment":[{"href":"https:\/\/un-autre-regard.org\/index.php\/wp-json\/wp\/v2\/media?parent=4378"}],"curies":[{"name":"wp","href":"https:\/\/api.w.org\/{rel}","templated":true}]}}