{"id":4571,"date":"2022-04-28T09:13:59","date_gmt":"2022-04-28T07:13:59","guid":{"rendered":"https:\/\/un-autre-regard.org\/?page_id=4571"},"modified":"2022-07-18T13:26:21","modified_gmt":"2022-07-18T11:26:21","slug":"lieux-et-objets-abandonnes-saint-martin-de-crau-2","status":"publish","type":"page","link":"https:\/\/un-autre-regard.org\/index.php\/lieux-et-objets-abandonnes-saint-martin-de-crau-2\/","title":{"rendered":"Lieux et objets abandonn\u00e9s &#8211; Saint Martin de Crau"},"content":{"rendered":"\n<p>Le Centre de d\u00e9veloppement culturel (CDC) de Saint-Martin-de-Crau a accueilli, du 5 au 17 avril 2022, l&rsquo;exposition de 45 clich\u00e9s sur le th\u00e8me &lsquo;Lieux et objets abandonn\u00e9s&rsquo;.<\/p>\n<p>Cette m\u00eame exposition sera propos\u00e9e en juin 2022 \u00e0 la Maison du tourisme et du patrimoine de Beaucaire.<\/p>\n<p>&lsquo;Un autre regard&#8230;&rsquo; tient \u00e0 remercier le personnel du CDC pour avoir permis cette exposition, et pour sa d\u00e9marche de communication sur cette manifestation.<\/p>\n<p>Ci-dessous, quelques vues de l&rsquo;exposition (photos : Jean-Claude).<\/p>\n\n<style>\n    \/* Portfolio Options Configuration Goes Here*\/\n    #gallery .tile:hover{\n        cursor: pointer !important;\n    }\n\n    \/* - - - - - - - - - - - - - - -*\/\n    \/* Tile Hover Customizations *\/\n\n    \/* Customize overlay background *\/\n    #gallery .crp-tile-inner .overlay,\n    #gallery .tile .caption {\n        background-color: rgba(0,0,0,0.50196078431373) !important;\n    }\n\n    #gallery .crp-tile-inner.crp-details-bg .details {\n        background-color: rgba(0,0,0,0.50196078431373) !important;\n    }\n\n    #gallery .crp-tile-inner .details h3 {\n        color: #ffffff;\n        text-align: center;\n        font-size: 18px;\n    }\n\n    #gallery .crp-tile-inner .details p {\n        color: #ffffff;\n        text-align: center;\n        font-size: 11px;\n    }\n\n        #gallery .crp-tile-inner .details h3 {\n        margin-bottom: 0px;\n    }\n    \n<\/style>\n\n<!--Here Goes HTML-->\n<div class=\"crp-wrapper\">\n    <div id=\"gallery\">\n        <div id=\"ftg-items\" class=\"ftg-items\">\n                            <div id=\"crp-tile-1997\" class=\"tile\" data-url=\"\">\n                                        <div class=\"crp-tile-inner details33 crp-details-bg image01\">\n                    \n                    \n                    \n                    <div id=\"1997\" class=\"tile-inner\">\n                                                <img decoding=\"async\" class=\"crp-item crp-tile-img\" src=\"https:\/\/un-autre-regard.org\/wp-content\/uploads\/2022\/04\/r_2022_04_04_t_029.jpg.jpg\" data-width=\"1600\" data-height=\"1200\" \/>\n                        <div class='overlay'><\/div>                    <\/div>\n                                        <\/div>\n\n                                    <\/div>\n                            <div id=\"crp-tile-1996\" class=\"tile\" data-url=\"\">\n                                        <div class=\"crp-tile-inner details33 crp-details-bg image01\">\n                    \n                    \n                    \n                    <div id=\"1996\" class=\"tile-inner\">\n                                                <img decoding=\"async\" class=\"crp-item crp-tile-img\" src=\"https:\/\/un-autre-regard.org\/wp-content\/uploads\/2022\/04\/r_2022_04_04_t_031.jpg.jpg\" data-width=\"1600\" data-height=\"1200\" \/>\n                        <div class='overlay'><\/div>                    <\/div>\n                                        <\/div>\n\n                                    <\/div>\n                            <div id=\"crp-tile-1995\" class=\"tile\" data-url=\"\">\n                                        <div class=\"crp-tile-inner details33 crp-details-bg image01\">\n                    \n                    \n                    \n                    <div id=\"1995\" class=\"tile-inner\">\n                                                <img decoding=\"async\" class=\"crp-item crp-tile-img\" src=\"https:\/\/un-autre-regard.org\/wp-content\/uploads\/2022\/04\/r_2022_04_04_t_032.jpg.jpg\" data-width=\"1600\" data-height=\"1200\" \/>\n                        <div class='overlay'><\/div>                    <\/div>\n                                        <\/div>\n\n                                    <\/div>\n                            <div id=\"crp-tile-1994\" class=\"tile\" data-url=\"\">\n                                        <div class=\"crp-tile-inner details33 crp-details-bg image01\">\n                    \n                    \n                    \n                    <div id=\"1994\" class=\"tile-inner\">\n                                                <img decoding=\"async\" class=\"crp-item crp-tile-img\" src=\"https:\/\/un-autre-regard.org\/wp-content\/uploads\/2022\/04\/r_2022_04_04_t_033.jpg.jpg\" data-width=\"1600\" data-height=\"1200\" \/>\n                        <div class='overlay'><\/div>                    <\/div>\n                                        <\/div>\n\n                                    <\/div>\n                            <div id=\"crp-tile-1993\" class=\"tile\" data-url=\"\">\n                                        <div class=\"crp-tile-inner details33 crp-details-bg image01\">\n                    \n                    \n                    \n                    <div id=\"1993\" class=\"tile-inner\">\n                                                <img decoding=\"async\" class=\"crp-item crp-tile-img\" src=\"https:\/\/un-autre-regard.org\/wp-content\/uploads\/2022\/04\/r_2022_04_04_t_034.jpg.jpg\" data-width=\"1600\" data-height=\"1200\" \/>\n                        <div class='overlay'><\/div>                    <\/div>\n                                        <\/div>\n\n                                    <\/div>\n                            <div id=\"crp-tile-1992\" class=\"tile\" data-url=\"\">\n                                        <div class=\"crp-tile-inner details33 crp-details-bg image01\">\n                    \n                    \n                    \n                    <div id=\"1992\" class=\"tile-inner\">\n                                                <img decoding=\"async\" class=\"crp-item crp-tile-img\" src=\"https:\/\/un-autre-regard.org\/wp-content\/uploads\/2022\/04\/r_2022_04_04_t_035.jpg.jpg\" data-width=\"1600\" data-height=\"1200\" \/>\n                        <div class='overlay'><\/div>                    <\/div>\n                                        <\/div>\n\n                                    <\/div>\n                            <div id=\"crp-tile-1991\" class=\"tile\" data-url=\"\">\n                                        <div class=\"crp-tile-inner details33 crp-details-bg image01\">\n                    \n                    \n                    \n                    <div id=\"1991\" class=\"tile-inner\">\n                                                <img decoding=\"async\" class=\"crp-item crp-tile-img\" src=\"https:\/\/un-autre-regard.org\/wp-content\/uploads\/2022\/04\/r_2022_04_04_t_036.jpg.jpg\" data-width=\"1600\" data-height=\"1200\" \/>\n                        <div class='overlay'><\/div>                    <\/div>\n                                        <\/div>\n\n                                    <\/div>\n                            <div id=\"crp-tile-1990\" class=\"tile\" data-url=\"\">\n                                        <div class=\"crp-tile-inner details33 crp-details-bg image01\">\n                    \n                    \n                    \n                    <div id=\"1990\" class=\"tile-inner\">\n                                                <img decoding=\"async\" class=\"crp-item crp-tile-img\" src=\"https:\/\/un-autre-regard.org\/wp-content\/uploads\/2022\/04\/r_2022_04_04_t_038.jpg.jpg\" data-width=\"1600\" data-height=\"1200\" \/>\n                        <div class='overlay'><\/div>                    <\/div>\n                                        <\/div>\n\n                                    <\/div>\n                            <div id=\"crp-tile-1989\" class=\"tile\" data-url=\"\">\n                                        <div class=\"crp-tile-inner details33 crp-details-bg image01\">\n                    \n                    \n                    \n                    <div id=\"1989\" class=\"tile-inner\">\n                                                <img decoding=\"async\" class=\"crp-item crp-tile-img\" src=\"https:\/\/un-autre-regard.org\/wp-content\/uploads\/2022\/04\/r_2022_04_04_t_042.jpg.jpg\" data-width=\"1600\" data-height=\"1200\" \/>\n                        <div class='overlay'><\/div>                    <\/div>\n                                        <\/div>\n\n                                    <\/div>\n                                        <ul id=\"crp-light-gallery\" class=\"crp-light-gallery\" style=\"display: none;\" >\n                                    \n                    <li id=\"crp-light-gallery-item-1997\" data-src=\"https:\/\/un-autre-regard.org\/wp-content\/uploads\/2022\/04\/r_2022_04_04_t_029.jpg.jpg\" data-sub-html=\"\" data-url=\"\">\n                        <a href=\"#\">\n                            <img decoding=\"async\" src=\"https:\/\/un-autre-regard.org\/wp-content\/uploads\/2022\/04\/r_2022_04_04_t_029.jpg-300x225.jpg\" \/>\n                        <\/a>\n                    <\/li>\n                                    \n                    <li id=\"crp-light-gallery-item-1996\" data-src=\"https:\/\/un-autre-regard.org\/wp-content\/uploads\/2022\/04\/r_2022_04_04_t_031.jpg.jpg\" data-sub-html=\"\" data-url=\"\">\n                        <a href=\"#\">\n                            <img decoding=\"async\" src=\"https:\/\/un-autre-regard.org\/wp-content\/uploads\/2022\/04\/r_2022_04_04_t_031.jpg-300x225.jpg\" \/>\n                        <\/a>\n                    <\/li>\n                                    \n                    <li id=\"crp-light-gallery-item-1995\" data-src=\"https:\/\/un-autre-regard.org\/wp-content\/uploads\/2022\/04\/r_2022_04_04_t_032.jpg.jpg\" data-sub-html=\"\" data-url=\"\">\n                        <a href=\"#\">\n                            <img decoding=\"async\" src=\"https:\/\/un-autre-regard.org\/wp-content\/uploads\/2022\/04\/r_2022_04_04_t_032.jpg-300x225.jpg\" \/>\n                        <\/a>\n                    <\/li>\n                                    \n                    <li id=\"crp-light-gallery-item-1994\" data-src=\"https:\/\/un-autre-regard.org\/wp-content\/uploads\/2022\/04\/r_2022_04_04_t_033.jpg.jpg\" data-sub-html=\"\" data-url=\"\">\n                        <a href=\"#\">\n                            <img decoding=\"async\" src=\"https:\/\/un-autre-regard.org\/wp-content\/uploads\/2022\/04\/r_2022_04_04_t_033.jpg-300x225.jpg\" \/>\n                        <\/a>\n                    <\/li>\n                                    \n                    <li id=\"crp-light-gallery-item-1993\" data-src=\"https:\/\/un-autre-regard.org\/wp-content\/uploads\/2022\/04\/r_2022_04_04_t_034.jpg.jpg\" data-sub-html=\"\" data-url=\"\">\n                        <a href=\"#\">\n                            <img decoding=\"async\" src=\"https:\/\/un-autre-regard.org\/wp-content\/uploads\/2022\/04\/r_2022_04_04_t_034.jpg-300x225.jpg\" \/>\n                        <\/a>\n                    <\/li>\n                                    \n                    <li id=\"crp-light-gallery-item-1992\" data-src=\"https:\/\/un-autre-regard.org\/wp-content\/uploads\/2022\/04\/r_2022_04_04_t_035.jpg.jpg\" data-sub-html=\"\" data-url=\"\">\n                        <a href=\"#\">\n                            <img decoding=\"async\" src=\"https:\/\/un-autre-regard.org\/wp-content\/uploads\/2022\/04\/r_2022_04_04_t_035.jpg-300x225.jpg\" \/>\n                        <\/a>\n                    <\/li>\n                                    \n                    <li id=\"crp-light-gallery-item-1991\" data-src=\"https:\/\/un-autre-regard.org\/wp-content\/uploads\/2022\/04\/r_2022_04_04_t_036.jpg.jpg\" data-sub-html=\"\" data-url=\"\">\n                        <a href=\"#\">\n                            <img decoding=\"async\" src=\"https:\/\/un-autre-regard.org\/wp-content\/uploads\/2022\/04\/r_2022_04_04_t_036.jpg-300x225.jpg\" \/>\n                        <\/a>\n                    <\/li>\n                                    \n                    <li id=\"crp-light-gallery-item-1990\" data-src=\"https:\/\/un-autre-regard.org\/wp-content\/uploads\/2022\/04\/r_2022_04_04_t_038.jpg.jpg\" data-sub-html=\"\" data-url=\"\">\n                        <a href=\"#\">\n                            <img decoding=\"async\" src=\"https:\/\/un-autre-regard.org\/wp-content\/uploads\/2022\/04\/r_2022_04_04_t_038.jpg-300x225.jpg\" \/>\n                        <\/a>\n                    <\/li>\n                                    \n                    <li id=\"crp-light-gallery-item-1989\" data-src=\"https:\/\/un-autre-regard.org\/wp-content\/uploads\/2022\/04\/r_2022_04_04_t_042.jpg.jpg\" data-sub-html=\"\" data-url=\"\">\n                        <a href=\"#\">\n                            <img decoding=\"async\" src=\"https:\/\/un-autre-regard.org\/wp-content\/uploads\/2022\/04\/r_2022_04_04_t_042.jpg-300x225.jpg\" \/>\n                        <\/a>\n                    <\/li>\n                                <\/ul>\n                    <\/div>\n    <\/div>\n<\/div>\n\n\n<!--Here Goes JS-->\n<script>\n    (function($) {\n        jQuery(document).ready(function(){\n\n            var tileParams = {};\n\n            if(0) {\n                tileParams.approxTileWidth = 250;\n                tileParams.approxTileHeight = 250;\n                tileParams.minTileWidth = 200;\n            }\n\n            if(0) {\n                tileParams.addBlock1Height = 40;\n                tileParams.addBlock2Height = 100;\n            }\n            jQuery('#gallery').crpTiledLayer(tileParams);\n\n            jQuery( \".crp-light-gallery\" ).each(function() {\n              var id = $( this ).attr(\"id\");\n              jQuery(\"#\" + id).lightGallery({\n                mode: 'slide',\n                useCSS: true,\n                cssEasing: 'ease', \/\/'cubic-bezier(0.25, 0, 0.25, 1)',\/\/\n                easing: 'linear', \/\/'for jquery animation',\/\/\n                speed: 600,\n                addClass: '',\n\n                closable: true,\n                loop: true,\n                auto: false,\n                pause: 6000,\n                escKey: true,\n                controls: true,\n                hideControlOnEnd: false,\n\n                preload: 1, \/\/number of preload slides. will exicute only after the current slide is fully loaded. ex:\/\/ you clicked on 4th image and if preload = 1 then 3rd slide and 5th slide will be loaded in the background after the 4th slide is fully loaded.. if preload is 2 then 2nd 3rd 5th 6th slides will be preloaded.. ... ...\n                showAfterLoad: true,\n                selector: null,\n                index: false,\n\n                lang: {\n                    allPhotos: 'All photos'\n                },\n                counter: false,\n\n                exThumbImage: false,\n                thumbnail: true,\n                showThumbByDefault:false,\n                animateThumb: true,\n                currentPagerPosition: 'middle',\n                thumbWidth: 150,\n                thumbMargin: 10,\n\n\n                mobileSrc: false,\n                mobileSrcMaxWidth: 640,\n                swipeThreshold: 50,\n                enableTouch: true,\n                enableDrag: true,\n\n                vimeoColor: 'CCCCCC',\n                youtubePlayerParams: false, \/\/ See: https:\/\/developers.google.com\/youtube\/player_parameters,\n                videoAutoplay: true,\n                videoMaxWidth: '855px',\n\n                dynamic: false,\n                dynamicEl: [],\n\n                \/\/ Callbacks el = current plugin\n                onOpen        : function(el) {}, \/\/ Executes immediately after the gallery is loaded.\n                onSlideBefore : function(el) {}, \/\/ Executes immediately before each transition.\n                onSlideAfter  : function(el) {}, \/\/ Executes immediately after each transition.\n                onSlideNext   : function(el) {}, \/\/ Executes immediately before each \"Next\" transition.\n                onSlidePrev   : function(el) {}, \/\/ Executes immediately before each \"Prev\" transition.\n                onBeforeClose : function(el) {}, \/\/ Executes immediately before the start of the close process.\n                onCloseAfter  : function(el) {}, \/\/ Executes immediately once lightGallery is closed.\n                onOpenExternal  : function(el, index) {\n                    if($(el).attr('data-url')) {\n                        var href = $(el).attr(\"data-url\");\n                    } else {\n                        var href = $(\"#crp-light-gallery li\").eq(index).attr('data-url');\n                    }\n                    if(href) {\n                        crp_loadHref(href,true);\n                    }else {\n                        return false;\n                    }\n\n                }, \/\/ Executes immediately before each \"open external\" transition.\n                onToggleInfo  : function(el) {\n                  var $info = $(\".lg-info\");\n                  if($info.css(\"opacity\") == 1){\n                    $info.fadeTo(\"slow\",0);\n                  }else{\n                    $info.fadeTo(\"slow\",1);\n                  }\n                } \/\/ Executes immediately before each \"toggle info\" transition.\n              });\n            });\n\n            jQuery(\".tile\").on('click', function (event){\n                if(jQuery(event.target).hasClass('crp-product-buy-button') || jQuery(event.target).hasClass('crp-product-checkout-button')) {\n                    return false;\n                } else if(jQuery(event.target).is(\"a\")) {\n                  return true;\n                }\n\n                \n                event.preventDefault();\n                if(jQuery(event.target).hasClass(\"fa\") && !jQuery(event.target).hasClass(\"zoom\")) return;\n\n                                var tileId = jQuery(\".tile-inner\", jQuery(this)).attr(\"id\");\n                var target = jQuery(\"#crp-light-gallery-item-\"+tileId);\n                                target.trigger( \"click\" );\n            });\n\n        });\n    })( jQuery );\n\n<\/script>\n\n<p>\u00a0<\/p>\n","protected":false},"excerpt":{"rendered":"<p>Le Centre de d\u00e9veloppement culturel (CDC) de Saint-Martin-de-Crau a accueilli, du 5 au 17 avril 2022, l&rsquo;exposition de 45 clich\u00e9s sur le th\u00e8me &lsquo;Lieux et objets abandonn\u00e9s&rsquo;. Cette m\u00eame exposition sera propos\u00e9e en juin 2022 \u00e0 la Maison du tourisme et du patrimoine de Beaucaire. &lsquo;Un autre regard&#8230;&rsquo; tient \u00e0 remercier le personnel du CDC [&hellip;]<\/p>\n","protected":false},"author":1,"featured_media":0,"parent":0,"menu_order":0,"comment_status":"closed","ping_status":"closed","template":"","meta":{"footnotes":""},"class_list":["post-4571","page","type-page","status-publish","hentry"],"_links":{"self":[{"href":"https:\/\/un-autre-regard.org\/index.php\/wp-json\/wp\/v2\/pages\/4571","targetHints":{"allow":["GET"]}}],"collection":[{"href":"https:\/\/un-autre-regard.org\/index.php\/wp-json\/wp\/v2\/pages"}],"about":[{"href":"https:\/\/un-autre-regard.org\/index.php\/wp-json\/wp\/v2\/types\/page"}],"author":[{"embeddable":true,"href":"https:\/\/un-autre-regard.org\/index.php\/wp-json\/wp\/v2\/users\/1"}],"replies":[{"embeddable":true,"href":"https:\/\/un-autre-regard.org\/index.php\/wp-json\/wp\/v2\/comments?post=4571"}],"version-history":[{"count":4,"href":"https:\/\/un-autre-regard.org\/index.php\/wp-json\/wp\/v2\/pages\/4571\/revisions"}],"predecessor-version":[{"id":4616,"href":"https:\/\/un-autre-regard.org\/index.php\/wp-json\/wp\/v2\/pages\/4571\/revisions\/4616"}],"wp:attachment":[{"href":"https:\/\/un-autre-regard.org\/index.php\/wp-json\/wp\/v2\/media?parent=4571"}],"curies":[{"name":"wp","href":"https:\/\/api.w.org\/{rel}","templated":true}]}}