{"id":5,"date":"2018-10-29T16:29:55","date_gmt":"2018-10-29T15:29:55","guid":{"rendered":"https:\/\/un-autre-regard.org\/?page_id=5"},"modified":"2023-02-08T09:29:54","modified_gmt":"2023-02-08T08:29:54","slug":"accueil","status":"publish","type":"page","link":"https:\/\/un-autre-regard.org\/","title":{"rendered":"Accueil"},"content":{"rendered":"<p><img fetchpriority=\"high\" decoding=\"async\" class=\"wp-image-4770 alignright\" src=\"https:\/\/un-autre-regard.org\/wp-content\/uploads\/2023\/02\/isa_montmajour-2-300x225.jpg\" alt=\"\" width=\"477\" height=\"358\" srcset=\"https:\/\/un-autre-regard.org\/wp-content\/uploads\/2023\/02\/isa_montmajour-2-300x225.jpg 300w, https:\/\/un-autre-regard.org\/wp-content\/uploads\/2023\/02\/isa_montmajour-2-1024x768.jpg 1024w, https:\/\/un-autre-regard.org\/wp-content\/uploads\/2023\/02\/isa_montmajour-2-768x576.jpg 768w, https:\/\/un-autre-regard.org\/wp-content\/uploads\/2023\/02\/isa_montmajour-2-1536x1152.jpg 1536w, https:\/\/un-autre-regard.org\/wp-content\/uploads\/2023\/02\/isa_montmajour-2.jpg 2048w\" sizes=\"(max-width: 477px) 100vw, 477px\" \/><\/p>\n<p>\u2018<em>Un autre regard &#8230;<\/em>\u2019 est un club photo positionn\u00e9 sur le Pays d&rsquo;Arles, et ouvert \u00e0 toutes les personnes int\u00e9ress\u00e9es par la photo et l\u2019image.<\/p>\n<p>Vous pouvez d\u00e9couvrir, au fil de nos galeries, tous ces instants, ces lieux, ces attitudes, compos\u00e9s ou naturels, qu&rsquo;auront mis en image les membres de l\u2019association.<\/p>\n<p data-wp-editing=\"1\">Suivez notre actualit\u00e9 et nos projets et, si l\u2019envie vous prend, venez nous rejoindre : vous \u00eates les bienvenus pour partager, \u00e9changer et ainsi participer \u00e0 notre grande aventure.<\/p>\n<p>Retrouvez-nous aussi sur <a href=\"http:\/\/www.facebook.com\/unautreregard13200\/\" target=\"_blank\" rel=\"noopener\"><img decoding=\"async\" class=\"wp-image-4415 alignnone\" src=\"https:\/\/un-autre-regard.org\/wp-content\/uploads\/2022\/02\/logo_facebook-300x169.jpg\" alt=\"\" width=\"64\" height=\"36\" srcset=\"https:\/\/un-autre-regard.org\/wp-content\/uploads\/2022\/02\/logo_facebook-300x169.jpg 300w, https:\/\/un-autre-regard.org\/wp-content\/uploads\/2022\/02\/logo_facebook-1024x576.jpg 1024w, https:\/\/un-autre-regard.org\/wp-content\/uploads\/2022\/02\/logo_facebook-768x432.jpg 768w, https:\/\/un-autre-regard.org\/wp-content\/uploads\/2022\/02\/logo_facebook.jpg 1280w\" sizes=\"(max-width: 64px) 100vw, 64px\" \/><\/a><\/p>\n<p>Bonne d\u00e9couverte !<\/p>\n\n","protected":false},"excerpt":{"rendered":"<p>\u2018Un autre regard &#8230;\u2019 est un club photo positionn\u00e9 sur le Pays d&rsquo;Arles, et ouvert \u00e0 toutes les personnes int\u00e9ress\u00e9es par la photo et l\u2019image. Vous pouvez d\u00e9couvrir, au fil de nos galeries, tous ces instants, ces lieux, ces attitudes, compos\u00e9s ou naturels, qu&rsquo;auront mis en image les membres de l\u2019association. Suivez notre actualit\u00e9 et [&hellip;]<\/p>\n","protected":false},"author":1,"featured_media":0,"parent":0,"menu_order":0,"comment_status":"closed","ping_status":"closed","template":"","meta":{"footnotes":""},"class_list":["post-5","page","type-page","status-publish","hentry"],"_links":{"self":[{"href":"https:\/\/un-autre-regard.org\/index.php\/wp-json\/wp\/v2\/pages\/5","targetHints":{"allow":["GET"]}}],"collection":[{"href":"https:\/\/un-autre-regard.org\/index.php\/wp-json\/wp\/v2\/pages"}],"about":[{"href":"https:\/\/un-autre-regard.org\/index.php\/wp-json\/wp\/v2\/types\/page"}],"author":[{"embeddable":true,"href":"https:\/\/un-autre-regard.org\/index.php\/wp-json\/wp\/v2\/users\/1"}],"replies":[{"embeddable":true,"href":"https:\/\/un-autre-regard.org\/index.php\/wp-json\/wp\/v2\/comments?post=5"}],"version-history":[{"count":38,"href":"https:\/\/un-autre-regard.org\/index.php\/wp-json\/wp\/v2\/pages\/5\/revisions"}],"predecessor-version":[{"id":4776,"href":"https:\/\/un-autre-regard.org\/index.php\/wp-json\/wp\/v2\/pages\/5\/revisions\/4776"}],"wp:attachment":[{"href":"https:\/\/un-autre-regard.org\/index.php\/wp-json\/wp\/v2\/media?parent=5"}],"curies":[{"name":"wp","href":"https:\/\/api.w.org\/{rel}","templated":true}]}}