{"id":5557,"date":"2024-11-20T10:23:53","date_gmt":"2024-11-20T09:23:53","guid":{"rendered":"https:\/\/un-autre-regard.org\/?page_id=5557"},"modified":"2026-04-03T15:42:49","modified_gmt":"2026-04-03T13:42:49","slug":"espace-adherents","status":"publish","type":"page","link":"https:\/\/un-autre-regard.org\/index.php\/espace-adherents\/","title":{"rendered":"Espace adh\u00e9rents"},"content":{"rendered":"<div class=\"passster-form\" id=\"ps-145\">\n    <form class=\"password-form\" method=\"post\" autocomplete=\"off\" target=\"_top\">\n        <span class=\"ps-form-headline\">Page prot\u00e9g\u00e9e<\/span>\n        <div class=\"ps-form-instructions-wrap\">Cette page est r\u00e9serv\u00e9e aux membres de l'association. Entrez votre mot de passe pour acc\u00e9der au contenu.<\/div>\n        <fieldset>\n            <span class=\"ps-loader\" style=\"display:none;\"><img decoding=\"async\" src=\"https:\/\/un-autre-regard.org\/wp-content\/plugins\/content-protector\/assets\/public\/ps-loader.svg\" alt=\"\" \/><\/span>\n            <label for=\"input-ps-145\" style=\"display:none;\" class=\"passster-hidden\">Enter your password<\/label>\n            <input placeholder=\"Entrez votre mot de passe.\" type=\"password\" tabindex=\"1\" name=\"passster_password\"\n                   id=\"input-ps-145\" class=\"passster-password\" autocomplete=\"off\"\n                   data-protection-type=\"password\" data-list=\"[PASSSTER_LIST]\" data-lists=\"[PASSSTER_LISTS]\" data-area=\"[PASSSTER_AREA]\"\n                   data-protection=\"full\">\n            \n            <button name=\"submit\" type=\"submit\" class=\"passster-submit\" data-psid=\"ps-145\" data-post-id=\"5557\" data-term-id=\"0\" \n                    data-submit=\"...Checking Password\" data-redirect=\"\">Valider\n            <\/button>\n            <div class=\"passster-error\"><\/div>\n        <\/fieldset>\n    <\/form>\n<\/div>\n","protected":false},"excerpt":{"rendered":"<div class=\"passster-form\" id=\"ps-145\">\n<form class=\"password-form\" method=\"post\" autocomplete=\"off\" target=\"_top\">\n        <span class=\"ps-form-headline\">Page prot\u00e9g\u00e9e<\/span><\/p>\n<div class=\"ps-form-instructions-wrap\">Cette page est r\u00e9serv\u00e9e aux membres de l&rsquo;association. Entrez votre mot de passe pour acc\u00e9der au contenu.<\/div>\n<fieldset>\n            <span class=\"ps-loader\" style=\"display:none;\"><img decoding=\"async\" src=\"https:\/\/un-autre-regard.org\/wp-content\/plugins\/content-protector\/assets\/public\/ps-loader.svg\" alt=\"\" \/><\/span><br \/>\n            <label for=\"input-ps-145\" style=\"display:none;\" class=\"passster-hidden\">Enter your password<\/label><br \/>\n            <input placeholder=\"Entrez votre mot de passe.\" type=\"password\" tabindex=\"1\" name=\"passster_password\"\n                   id=\"input-ps-145\" class=\"passster-password\" autocomplete=\"off\"\n                   data-protection-type=\"password\" data-list=\"[PASSSTER_LIST]\" data-lists=\"[PASSSTER_LISTS]\" data-area=\"[PASSSTER_AREA]\"\n                   data-protection=\"full\"><\/p>\n<p>            <button name=\"submit\" type=\"submit\" class=\"passster-submit\" data-psid=\"ps-145\" data-post-id=\"5557\" data-term-id=\"0\" \n                    data-submit=\"...Checking Password\" data-redirect=\"\">Valider<br \/>\n            <\/button><\/p>\n<div class=\"passster-error\"><\/div>\n<\/fieldset><\/form>\n<\/div>\n","protected":false},"author":1,"featured_media":0,"parent":0,"menu_order":0,"comment_status":"closed","ping_status":"closed","template":"","meta":{"footnotes":""},"class_list":["post-5557","page","type-page","status-publish","hentry"],"_links":{"self":[{"href":"https:\/\/un-autre-regard.org\/index.php\/wp-json\/wp\/v2\/pages\/5557","targetHints":{"allow":["GET"]}}],"collection":[{"href":"https:\/\/un-autre-regard.org\/index.php\/wp-json\/wp\/v2\/pages"}],"about":[{"href":"https:\/\/un-autre-regard.org\/index.php\/wp-json\/wp\/v2\/types\/page"}],"author":[{"embeddable":true,"href":"https:\/\/un-autre-regard.org\/index.php\/wp-json\/wp\/v2\/users\/1"}],"replies":[{"embeddable":true,"href":"https:\/\/un-autre-regard.org\/index.php\/wp-json\/wp\/v2\/comments?post=5557"}],"version-history":[{"count":90,"href":"https:\/\/un-autre-regard.org\/index.php\/wp-json\/wp\/v2\/pages\/5557\/revisions"}],"predecessor-version":[{"id":6234,"href":"https:\/\/un-autre-regard.org\/index.php\/wp-json\/wp\/v2\/pages\/5557\/revisions\/6234"}],"wp:attachment":[{"href":"https:\/\/un-autre-regard.org\/index.php\/wp-json\/wp\/v2\/media?parent=5557"}],"curies":[{"name":"wp","href":"https:\/\/api.w.org\/{rel}","templated":true}]}}