{"id":6172,"date":"2026-01-28T10:18:22","date_gmt":"2026-01-28T09:18:22","guid":{"rendered":"https:\/\/un-autre-regard.org\/?page_id=6172"},"modified":"2026-01-30T08:57:31","modified_gmt":"2026-01-30T07:57:31","slug":"carte-blanche-suite","status":"publish","type":"page","link":"https:\/\/un-autre-regard.org\/index.php\/carte-blanche-suite\/","title":{"rendered":"Carte blanche &#8230; suite"},"content":{"rendered":"\n<p>Pour la seconde fois, c&rsquo;est sur le principe de la &lsquo;Carte blanche&rsquo; (pas de th\u00e8me f\u00e9d\u00e9rateur) que la Galerie de la Maison de la vie associative d&rsquo;Arles a accueilli, du 13 au 30 janvier 2026, 25 clich\u00e9s propos\u00e9s par 8 adh\u00e9rents du club.<\/p>\n<p>Le &lsquo;catalogue virtuel&rsquo; de cette exposition est disponible en cliquant <a href=\"https:\/\/www.calameo.com\/books\/00740517637c8b5346c5a\" target=\"_blank\" rel=\"noopener\"><span style=\"color: #0000ff;\"><strong>ici<\/strong><\/span><\/a>.<\/p>\n\n\n\n\n\n\n","protected":false},"excerpt":{"rendered":"<p>Pour la seconde fois, c&rsquo;est sur le principe de la &lsquo;Carte blanche&rsquo; (pas de th\u00e8me f\u00e9d\u00e9rateur) que la Galerie de la Maison de la vie associative d&rsquo;Arles a accueilli, du 13 au 30 janvier 2026, 25 clich\u00e9s propos\u00e9s par 8 adh\u00e9rents du club. Le &lsquo;catalogue virtuel&rsquo; de cette exposition est disponible en cliquant ici.<\/p>\n","protected":false},"author":1,"featured_media":0,"parent":0,"menu_order":0,"comment_status":"closed","ping_status":"closed","template":"","meta":{"footnotes":""},"class_list":["post-6172","page","type-page","status-publish","hentry"],"_links":{"self":[{"href":"https:\/\/un-autre-regard.org\/index.php\/wp-json\/wp\/v2\/pages\/6172","targetHints":{"allow":["GET"]}}],"collection":[{"href":"https:\/\/un-autre-regard.org\/index.php\/wp-json\/wp\/v2\/pages"}],"about":[{"href":"https:\/\/un-autre-regard.org\/index.php\/wp-json\/wp\/v2\/types\/page"}],"author":[{"embeddable":true,"href":"https:\/\/un-autre-regard.org\/index.php\/wp-json\/wp\/v2\/users\/1"}],"replies":[{"embeddable":true,"href":"https:\/\/un-autre-regard.org\/index.php\/wp-json\/wp\/v2\/comments?post=6172"}],"version-history":[{"count":6,"href":"https:\/\/un-autre-regard.org\/index.php\/wp-json\/wp\/v2\/pages\/6172\/revisions"}],"predecessor-version":[{"id":6181,"href":"https:\/\/un-autre-regard.org\/index.php\/wp-json\/wp\/v2\/pages\/6172\/revisions\/6181"}],"wp:attachment":[{"href":"https:\/\/un-autre-regard.org\/index.php\/wp-json\/wp\/v2\/media?parent=6172"}],"curies":[{"name":"wp","href":"https:\/\/api.w.org\/{rel}","templated":true}]}}